{"id":29973,"date":"2022-04-27T15:35:59","date_gmt":"2022-04-27T15:35:59","guid":{"rendered":"https:\/\/stage.basecampstudent.com\/?page_id=29973"},"modified":"2024-06-22T20:23:13","modified_gmt":"2024-06-22T20:23:13","slug":"hjalpm","status":"publish","type":"page","link":"https:\/\/stage.basecampstudent.com\/sv\/hjalpm\/","title":{"rendered":"Hj\u00e4lp"},"content":{"rendered":"    <section class=\"help-center\">\n        <div class=\"container\">\n            <h1 class=\"help-center__title\">Hj\u00e4lpcenter.<\/h1>            <div class=\"help-center__questions\">\n                <div class=\"help-center__filter\">\n                    <ul class=\"help-center__list\">\n                                            <\/ul>\n                <\/div>\n                <div class=\"help-center__results\">\n                    <div class=\"help-center__result tag-result active\" data-result=\"344\"><div class=\"tag-result__category\"><h4 class=\"tag-result__category-heading\">Bokning <span class=\"tag-result__category-circle\"><\/span><\/h4><ul class=\"tag-result__category-questions\"><li class=\"tag-result__category-questions-item\"><a class=\"tag-result__category-questions-link\" href=\"https:\/\/stage.basecampstudent.com\/sv\/hjalpm\/?tag=344&#038;cat=343&#038;question=29926\">Vad ing\u00e5r i hyran?<\/a><\/li><li class=\"tag-result__category-questions-item\"><a class=\"tag-result__category-questions-link\" href=\"https:\/\/stage.basecampstudent.com\/sv\/hjalpm\/?tag=344&#038;cat=343&#038;question=29927\">Vad ing\u00e5r inte i rumspriset?<\/a><\/li><li class=\"tag-result__category-questions-item\"><a class=\"tag-result__category-questions-link\" href=\"https:\/\/stage.basecampstudent.com\/sv\/hjalpm\/?tag=344&#038;cat=343&#038;question=29928\">Finns det en depositionsavgift? F\u00e5r jag tillbaka den n\u00e4r jag flyttar ut?<\/a><\/li><li class=\"tag-result__category-questions-item\"><a class=\"tag-result__category-questions-link\" href=\"https:\/\/stage.basecampstudent.com\/sv\/hjalpm\/?tag=344&#038;cat=343&#038;question=29929\">Vad \u00e4r en borgensman?<\/a><\/li><li class=\"tag-result__category-questions-item\"><a class=\"tag-result__category-questions-link\" href=\"https:\/\/stage.basecampstudent.com\/sv\/hjalpm\/?tag=344&#038;cat=343&#038;question=29930\">Hur snart efter uthyrningsprocessen f\u00e5r jag information om incheckning?<\/a><\/li><li class=\"tag-result__category-questions-item\"><a class=\"tag-result__category-questions-link\" href=\"https:\/\/stage.basecampstudent.com\/sv\/hjalpm\/?tag=344&#038;cat=343&#038;question=29932\">\u00c4r det m\u00f6jligt att bes\u00f6ka l\u00e4genheten och f\u00e5 en rundtur i lokalerna innan jag skriver p\u00e5 kontraktet?<\/a><\/li><li class=\"tag-result__category-questions-item\"><a class=\"tag-result__category-questions-link\" href=\"https:\/\/stage.basecampstudent.com\/sv\/hjalpm\/?tag=344&#038;cat=343&#038;question=29933\">Vad \u00e4r kontraktsl\u00e4ngden?<\/a><\/li><li class=\"tag-result__category-questions-item\"><a class=\"tag-result__category-questions-link\" href=\"https:\/\/stage.basecampstudent.com\/sv\/hjalpm\/?tag=344&#038;cat=343&#038;question=29934\">Vad \u00e4r avbokningsreglerna?<\/a><\/li><li class=\"tag-result__category-questions-item\"><a class=\"tag-result__category-questions-link\" href=\"https:\/\/stage.basecampstudent.com\/sv\/hjalpm\/?tag=344&#038;cat=343&#038;question=29935\">Vem kan bo p\u00e5 Basecamp?<\/a><\/li><li class=\"tag-result__category-questions-item\"><a class=\"tag-result__category-questions-link\" href=\"https:\/\/stage.basecampstudent.com\/sv\/hjalpm\/?tag=344&#038;cat=343&#038;question=29936\">Hur bokar jag en l\u00e4genhet?<\/a><\/li><li class=\"tag-result__category-questions-item\"><a class=\"tag-result__category-questions-link\" href=\"https:\/\/stage.basecampstudent.com\/sv\/hjalpm\/?tag=344&#038;cat=343&#038;question=29938\">Vilka dokument beh\u00f6ver jag?<\/a><\/li><li class=\"tag-result__category-questions-item\"><a class=\"tag-result__category-questions-link\" href=\"https:\/\/stage.basecampstudent.com\/sv\/hjalpm\/?tag=344&#038;cat=343&#038;question=29937\">Hur kan jag betala?<\/a><\/li><\/ul><\/div><div class=\"tag-result__category\"><h4 class=\"tag-result__category-heading\">Flytta in <span class=\"tag-result__category-circle\"><\/span><\/h4><ul class=\"tag-result__category-questions\"><li class=\"tag-result__category-questions-item\"><a class=\"tag-result__category-questions-link\" href=\"https:\/\/stage.basecampstudent.com\/sv\/hjalpm\/?tag=344&#038;cat=347&#038;question=29939\">N\u00e4r kan jag flytta in p\u00e5 Basecamp?<\/a><\/li><li class=\"tag-result__category-questions-item\"><a class=\"tag-result__category-questions-link\" href=\"https:\/\/stage.basecampstudent.com\/sv\/hjalpm\/?tag=344&#038;cat=347&#038;question=29940\">Kan jag ta med mina egna m\u00f6bler?<\/a><\/li><li class=\"tag-result__category-questions-item\"><a class=\"tag-result__category-questions-link\" href=\"https:\/\/stage.basecampstudent.com\/sv\/hjalpm\/?tag=344&#038;cat=347&#038;question=29941\">\u00c4r det m\u00f6jligt att byta eller helt enkelt flytta till en annan l\u00e4genhet efter inflyttningen?<\/a><\/li><li class=\"tag-result__category-questions-item\"><a class=\"tag-result__category-questions-link\" href=\"https:\/\/stage.basecampstudent.com\/sv\/hjalpm\/?tag=344&#038;cat=347&#038;question=29942\">Vad m\u00e5ste jag ta med mig?<\/a><\/li><\/ul><\/div><div class=\"tag-result__category\"><h4 class=\"tag-result__category-heading\">Boende <span class=\"tag-result__category-circle\"><\/span><\/h4><ul class=\"tag-result__category-questions\"><li class=\"tag-result__category-questions-item\"><a class=\"tag-result__category-questions-link\" href=\"https:\/\/stage.basecampstudent.com\/sv\/hjalpm\/?tag=344&#038;cat=346&#038;question=29943\">Hur \u00e4r det med buller?<\/a><\/li><li class=\"tag-result__category-questions-item\"><a class=\"tag-result__category-questions-link\" href=\"https:\/\/stage.basecampstudent.com\/sv\/hjalpm\/?tag=344&#038;cat=346&#038;question=29944\">Erbjuds st\u00e4dning?<\/a><\/li><li class=\"tag-result__category-questions-item\"><a class=\"tag-result__category-questions-link\" href=\"https:\/\/stage.basecampstudent.com\/sv\/hjalpm\/?tag=344&#038;cat=346&#038;question=29945\">F\u00e5r jag r\u00f6ka inomhus?<\/a><\/li><li class=\"tag-result__category-questions-item\"><a class=\"tag-result__category-questions-link\" href=\"https:\/\/stage.basecampstudent.com\/sv\/hjalpm\/?tag=344&#038;cat=346&#038;question=29946\">Jag \u00e4r ny i staden och bor hemifr\u00e5n. Vad kan jag f\u00f6rv\u00e4nta mig?<\/a><\/li><li class=\"tag-result__category-questions-item\"><a class=\"tag-result__category-questions-link\" href=\"https:\/\/stage.basecampstudent.com\/sv\/hjalpm\/?tag=344&#038;cat=346&#038;question=29947\">Vad g\u00f6r jag om jag har n\u00e5gra problem p\u00e5 Basecamp?<\/a><\/li><li class=\"tag-result__category-questions-item\"><a class=\"tag-result__category-questions-link\" href=\"https:\/\/stage.basecampstudent.com\/sv\/hjalpm\/?tag=344&#038;cat=346&#038;question=29948\">Jag ska \u00e5ka p\u00e5 semester\/hem ett tag. Kan jag hyra ut min l\u00e4genhet i andra hand?<\/a><\/li><li class=\"tag-result__category-questions-item\"><a class=\"tag-result__category-questions-link\" href=\"https:\/\/stage.basecampstudent.com\/sv\/hjalpm\/?tag=344&#038;cat=346&#038;question=29949\">Kan jag ha g\u00e4ster \u00f6ver?<\/a><\/li><\/ul><\/div><div class=\"tag-result__category\"><h4 class=\"tag-result__category-heading\">Flytta ut <span class=\"tag-result__category-circle\"><\/span><\/h4><ul class=\"tag-result__category-questions\"><li class=\"tag-result__category-questions-item\"><a class=\"tag-result__category-questions-link\" href=\"https:\/\/stage.basecampstudent.com\/sv\/hjalpm\/?tag=344&#038;cat=348&#038;question=29951\">\u00c4r det straffbart att flytta ut innan kontraktets slut?<\/a><\/li><li class=\"tag-result__category-questions-item\"><a class=\"tag-result__category-questions-link\" href=\"https:\/\/stage.basecampstudent.com\/sv\/hjalpm\/?tag=344&#038;cat=348&#038;question=29952\">Vad \u00e4r processen f\u00f6r att flytta ut?<\/a><\/li><\/ul><\/div><\/div>                <\/div>\n            <\/div>\n        <\/div>\n    <\/section>\n","protected":false},"excerpt":{"rendered":"","protected":false},"author":31,"featured_media":0,"parent":0,"menu_order":0,"comment_status":"closed","ping_status":"closed","template":"","meta":{"_acf_changed":false,"inline_featured_image":false,"footnotes":""},"class_list":["post-29973","page","type-page","status-publish","hentry"],"acf":[],"yoast_head":"<!-- This site is optimized with the Yoast SEO plugin v27.3 - https:\/\/yoast.com\/product\/yoast-seo-wordpress\/ -->\n<title>Hj\u00e4lp | Basecamp<\/title>\n<meta name=\"robots\" content=\"noindex, follow, max-snippet:-1, max-image-preview:large, max-video-preview:-1\" \/>\n<meta property=\"og:locale\" content=\"sv_SE\" \/>\n<meta property=\"og:type\" content=\"article\" \/>\n<meta property=\"og:title\" content=\"Hj\u00e4lp | Basecamp\" \/>\n<meta property=\"og:url\" content=\"https:\/\/stage.basecampstudent.com\/sv\/hjalpm\/\" \/>\n<meta property=\"og:site_name\" content=\"Basecamp\" \/>\n<meta property=\"article:modified_time\" content=\"2024-06-22T20:23:13+00:00\" \/>\n<meta name=\"twitter:card\" content=\"summary_large_image\" \/>\n<script type=\"application\/ld+json\" class=\"yoast-schema-graph\">{\"@context\":\"https:\\\/\\\/schema.org\",\"@graph\":[{\"@type\":\"WebPage\",\"@id\":\"https:\\\/\\\/stage.basecampstudent.com\\\/sv\\\/hjalpm\\\/\",\"url\":\"https:\\\/\\\/stage.basecampstudent.com\\\/sv\\\/hjalpm\\\/\",\"name\":\"Hj\u00e4lp | Basecamp\",\"isPartOf\":{\"@id\":\"https:\\\/\\\/stage.basecampstudent.com\\\/#website\"},\"datePublished\":\"2022-04-27T15:35:59+00:00\",\"dateModified\":\"2024-06-22T20:23:13+00:00\",\"breadcrumb\":{\"@id\":\"https:\\\/\\\/stage.basecampstudent.com\\\/sv\\\/hjalpm\\\/#breadcrumb\"},\"inLanguage\":\"sv-SE\",\"potentialAction\":[{\"@type\":\"ReadAction\",\"target\":[\"https:\\\/\\\/stage.basecampstudent.com\\\/sv\\\/hjalpm\\\/\"]}]},{\"@type\":\"BreadcrumbList\",\"@id\":\"https:\\\/\\\/stage.basecampstudent.com\\\/sv\\\/hjalpm\\\/#breadcrumb\",\"itemListElement\":[{\"@type\":\"ListItem\",\"position\":1,\"name\":\"Home\",\"item\":\"https:\\\/\\\/stage.basecampstudent.com\\\/\"},{\"@type\":\"ListItem\",\"position\":2,\"name\":\"Hj\u00e4lp\"}]},{\"@type\":\"WebSite\",\"@id\":\"https:\\\/\\\/stage.basecampstudent.com\\\/#website\",\"url\":\"https:\\\/\\\/stage.basecampstudent.com\\\/\",\"name\":\"Basecamp\",\"description\":\"Living spaces for dreamers, thinkers and go-getters.\",\"publisher\":{\"@id\":\"https:\\\/\\\/stage.basecampstudent.com\\\/#organization\"},\"potentialAction\":[{\"@type\":\"SearchAction\",\"target\":{\"@type\":\"EntryPoint\",\"urlTemplate\":\"https:\\\/\\\/stage.basecampstudent.com\\\/?s={search_term_string}\"},\"query-input\":{\"@type\":\"PropertyValueSpecification\",\"valueRequired\":true,\"valueName\":\"search_term_string\"}}],\"inLanguage\":\"sv-SE\"},{\"@type\":\"Organization\",\"@id\":\"https:\\\/\\\/stage.basecampstudent.com\\\/#organization\",\"name\":\"Basecamp\",\"url\":\"https:\\\/\\\/stage.basecampstudent.com\\\/\",\"logo\":{\"@type\":\"ImageObject\",\"inLanguage\":\"sv-SE\",\"@id\":\"https:\\\/\\\/stage.basecampstudent.com\\\/#\\\/schema\\\/logo\\\/image\\\/\",\"url\":\"https:\\\/\\\/stage.basecampstudent.com\\\/wp-content\\\/uploads\\\/2022\\\/02\\\/logo.svg\",\"contentUrl\":\"https:\\\/\\\/stage.basecampstudent.com\\\/wp-content\\\/uploads\\\/2022\\\/02\\\/logo.svg\",\"width\":276,\"height\":40,\"caption\":\"Basecamp\"},\"image\":{\"@id\":\"https:\\\/\\\/stage.basecampstudent.com\\\/#\\\/schema\\\/logo\\\/image\\\/\"}}]}<\/script>\n<!-- \/ Yoast SEO plugin. -->","yoast_head_json":{"title":"Hj\u00e4lp | Basecamp","robots":{"index":"noindex","follow":"follow","max-snippet":"max-snippet:-1","max-image-preview":"max-image-preview:large","max-video-preview":"max-video-preview:-1"},"og_locale":"sv_SE","og_type":"article","og_title":"Hj\u00e4lp | Basecamp","og_url":"https:\/\/stage.basecampstudent.com\/sv\/hjalpm\/","og_site_name":"Basecamp","article_modified_time":"2024-06-22T20:23:13+00:00","twitter_card":"summary_large_image","schema":{"@context":"https:\/\/schema.org","@graph":[{"@type":"WebPage","@id":"https:\/\/stage.basecampstudent.com\/sv\/hjalpm\/","url":"https:\/\/stage.basecampstudent.com\/sv\/hjalpm\/","name":"Hj\u00e4lp | Basecamp","isPartOf":{"@id":"https:\/\/stage.basecampstudent.com\/#website"},"datePublished":"2022-04-27T15:35:59+00:00","dateModified":"2024-06-22T20:23:13+00:00","breadcrumb":{"@id":"https:\/\/stage.basecampstudent.com\/sv\/hjalpm\/#breadcrumb"},"inLanguage":"sv-SE","potentialAction":[{"@type":"ReadAction","target":["https:\/\/stage.basecampstudent.com\/sv\/hjalpm\/"]}]},{"@type":"BreadcrumbList","@id":"https:\/\/stage.basecampstudent.com\/sv\/hjalpm\/#breadcrumb","itemListElement":[{"@type":"ListItem","position":1,"name":"Home","item":"https:\/\/stage.basecampstudent.com\/"},{"@type":"ListItem","position":2,"name":"Hj\u00e4lp"}]},{"@type":"WebSite","@id":"https:\/\/stage.basecampstudent.com\/#website","url":"https:\/\/stage.basecampstudent.com\/","name":"Basecamp","description":"Living spaces for dreamers, thinkers and go-getters.","publisher":{"@id":"https:\/\/stage.basecampstudent.com\/#organization"},"potentialAction":[{"@type":"SearchAction","target":{"@type":"EntryPoint","urlTemplate":"https:\/\/stage.basecampstudent.com\/?s={search_term_string}"},"query-input":{"@type":"PropertyValueSpecification","valueRequired":true,"valueName":"search_term_string"}}],"inLanguage":"sv-SE"},{"@type":"Organization","@id":"https:\/\/stage.basecampstudent.com\/#organization","name":"Basecamp","url":"https:\/\/stage.basecampstudent.com\/","logo":{"@type":"ImageObject","inLanguage":"sv-SE","@id":"https:\/\/stage.basecampstudent.com\/#\/schema\/logo\/image\/","url":"https:\/\/stage.basecampstudent.com\/wp-content\/uploads\/2022\/02\/logo.svg","contentUrl":"https:\/\/stage.basecampstudent.com\/wp-content\/uploads\/2022\/02\/logo.svg","width":276,"height":40,"caption":"Basecamp"},"image":{"@id":"https:\/\/stage.basecampstudent.com\/#\/schema\/logo\/image\/"}}]}},"_links":{"self":[{"href":"https:\/\/stage.basecampstudent.com\/sv\/wp-json\/wp\/v2\/pages\/29973","targetHints":{"allow":["GET"]}}],"collection":[{"href":"https:\/\/stage.basecampstudent.com\/sv\/wp-json\/wp\/v2\/pages"}],"about":[{"href":"https:\/\/stage.basecampstudent.com\/sv\/wp-json\/wp\/v2\/types\/page"}],"author":[{"embeddable":true,"href":"https:\/\/stage.basecampstudent.com\/sv\/wp-json\/wp\/v2\/users\/31"}],"replies":[{"embeddable":true,"href":"https:\/\/stage.basecampstudent.com\/sv\/wp-json\/wp\/v2\/comments?post=29973"}],"version-history":[{"count":3,"href":"https:\/\/stage.basecampstudent.com\/sv\/wp-json\/wp\/v2\/pages\/29973\/revisions"}],"predecessor-version":[{"id":30680,"href":"https:\/\/stage.basecampstudent.com\/sv\/wp-json\/wp\/v2\/pages\/29973\/revisions\/30680"}],"wp:attachment":[{"href":"https:\/\/stage.basecampstudent.com\/sv\/wp-json\/wp\/v2\/media?parent=29973"}],"curies":[{"name":"wp","href":"https:\/\/api.w.org\/{rel}","templated":true}]}}