{"id":8706,"date":"2022-05-26T14:11:50","date_gmt":"2022-05-26T14:11:50","guid":{"rendered":"https:\/\/stage.basecampstudent.com\/?page_id=8706"},"modified":"2025-01-21T13:54:56","modified_gmt":"2025-01-21T13:54:56","slug":"stakeholder-grievance","status":"publish","type":"page","link":"https:\/\/stage.basecampstudent.com\/pl\/stakeholder-grievance\/","title":{"rendered":"Skarga interesariuszy"},"content":{"rendered":"\n<section class=\"site-policy\">\n    <div class=\"container\">\n        <div class=\"site-policy__left\">\n            <div class=\"site-policy__headline\">\n                <h1 class=\"site-policy__title\">Skarga interesariuszy<\/h1>\n                            <\/div>\n            <div class=\"site-policy__content\">\n\n                <div class=\"site-policy__mobile policy-mobile\">\n                    <div class=\"policy-mobile__wrap\">\n                        <h3 class=\"policy-mobile__title\">1. Proces rozpatrywania skarg<\/h3><div class=\"policy-mobile__dropdown\"><ul class=\"policy-mobile__list\"><li class=\"policy-mobile__item\"><a class=\"policy-mobile__link\" href=\"#section-1\"\n                                         data-text=\"1. Proces rozpatrywania skarg\"\n                                         data-anchor>Proces rozpatrywania skarg<\/a><\/li><li class=\"policy-mobile__item\"><a class=\"policy-mobile__link\" href=\"#section-2\"\n                                         data-text=\"2. Definicja skargi\"\n                                         data-anchor>Definicja skargi<\/a><\/li><li class=\"policy-mobile__item\"><a class=\"policy-mobile__link\" href=\"#section-3\"\n                                         data-text=\"3. Prze\u015blij swoj\u0105 skarg\u0119 tutaj\"\n                                         data-anchor>Prze\u015blij swoj\u0105 skarg\u0119 tutaj<\/a><\/li><\/ul><\/div>                    <\/div>\n                <\/div>\n\n                <div id=\"section-1\" class=\"site-policy__item policy-item\"><h3 class=\"policy-item__title\">1. Proces rozpatrywania skarg<\/h3><div class=\"policy-item__content\"><p>Grupa Basecamp dba o do\u015bwiadczenia interesariuszy i jest zaanga\u017cowana w oferowanie us\u0142ugi, dzi\u0119ki kt\u00f3rej obawy interesariuszy mog\u0105 by\u0107 zg\u0142aszane z zachowaniem poufno\u015bci. Interesariuszami mog\u0105 by\u0107 (mi\u0119dzy innymi) dostawcy, pobliscy mieszka\u0144cy, studenci, w\u0142adze miejskie lub uniwersytety.<\/p>\n<p>\u015awiadomo\u015b\u0107 obaw lub skarg pozwala nam zaj\u0105\u0107 si\u0119 nimi bezpo\u015brednio, ale tak\u017ce pozwala nam ulepszy\u0107 nasz\u0105 dzia\u0142alno\u015b\u0107 i do\u015bwiadczenia interesariuszy w przysz\u0142o\u015bci<\/p>\n<\/div><\/div><div id=\"section-2\" class=\"site-policy__item policy-item\"><h3 class=\"policy-item__title\">2. Definicja skargi<\/h3><div class=\"policy-item__content\"><p>Mechanizm sk\u0142adania skarg jest ustanowiony w celu przyjmowania i u\u0142atwiania rozwi\u0105zywania skarg interesariuszy<\/p>\n<p>Proces sk\u0142adania skarg s\u0142u\u017cy do:<\/p>\n<ul>\n<li>Wykazania szacunku Basecamp Student dla interes\u00f3w zewn\u0119trznych interesariuszy;<\/li>\n<li>Identyfikacji pojawiaj\u0105cych si\u0119 niekorzystnych trend\u00f3w w zakresie incydent\u00f3w\/skutk\u00f3w na wczesnym etapie, tak aby mo\u017cna by\u0142o szybko i proaktywnie wdro\u017cy\u0107 \u015brodki maj\u0105ce na celu zapobieganie\/unikanie ich wyst\u0105pienia.<\/li>\n<li>Minimalizowanie negatywnego wp\u0142ywu projekt\u00f3w Basecamp Student na zewn\u0119trznych interesariuszy.<\/li>\n<\/ul>\n<p>Ka\u017cda osoba, grupa lub organizacja mo\u017ce z\u0142o\u017cy\u0107 skarg\u0119 w dowolnym momencie, bez obawy o odwet. Dane osobowe zainteresowanych stron b\u0119d\u0105 traktowane jako poufne (zgodnie z wymogami prawa i Polityk\u0105 prywatno\u015bci Basecamp Student). Aby zapewni\u0107 skuteczne dochodzenie, prosimy o dostarczenie nam konkretnych informacji i wszelkich istotnych dokument\u00f3w lub dowod\u00f3w.<\/p>\n<\/div><\/div><div id=\"section-3\" class=\"site-policy__item policy-item\"><h3 class=\"policy-item__title\">3. Prze\u015blij swoj\u0105 skarg\u0119 tutaj<\/h3><div class=\"policy-item__content\"><p>Prosimy o przes\u0142anie wiadomo\u015bci e-mail na adres <a href=\"mailto:live@xior.eu\">live@xior.eu<\/a> zawieraj\u0105cej:<\/p>\n<ul>\n<li>Imi\u0119 i nazwisko<\/li>\n<li>Szczeg\u00f3\u0142y skargi<\/li>\n<li>Wszelkie dokumenty zwi\u0105zane ze skarg\u0105&#8221;<\/li>\n<\/ul>\n<\/div><\/div>            <\/div>\n        <\/div>\n        <div class=\"site-policy__right policy-links\" style=\"\">\n            <h2 class=\"policy-links__title\">Quick Links<\/h2><ol class=\"policy-links__list\"><li class=\"policy-links__item\"><a class=\"policy-links__link\" href=\"#section-1\" data-anchor>Proces rozpatrywania skarg<\/a><\/li><li class=\"policy-links__item\"><a class=\"policy-links__link\" href=\"#section-2\" data-anchor>Definicja skargi<\/a><\/li><li class=\"policy-links__item\"><a class=\"policy-links__link\" href=\"#section-3\" data-anchor>Prze\u015blij swoj\u0105 skarg\u0119 tutaj<\/a><\/li><\/ol>        <\/div>\n    <\/div>\n<\/section>\n\n\n<p><\/p>\n","protected":false},"excerpt":{"rendered":"","protected":false},"author":7,"featured_media":0,"parent":0,"menu_order":0,"comment_status":"closed","ping_status":"closed","template":"","meta":{"_acf_changed":false,"inline_featured_image":false,"footnotes":""},"class_list":["post-8706","page","type-page","status-publish","hentry"],"acf":[],"yoast_head":"<!-- This site is optimized with the Yoast SEO plugin v27.3 - https:\/\/yoast.com\/product\/yoast-seo-wordpress\/ -->\n<title>Skarga interesariuszy | Basecamp by Xior<\/title>\n<meta name=\"description\" content=\"Basecamp Group by Xior dba o do\u015bwiadczenia interesariuszy i zobowi\u0105zuje si\u0119 do oferowania us\u0142ug, dzi\u0119ki kt\u00f3rym interesariusze mog\u0105 zg\u0142asza\u0107 swoje obawy w spos\u00f3b poufny.\" \/>\n<meta name=\"robots\" content=\"noindex, follow, max-snippet:-1, max-image-preview:large, max-video-preview:-1\" \/>\n<meta property=\"og:locale\" content=\"pl_PL\" \/>\n<meta property=\"og:type\" content=\"article\" \/>\n<meta property=\"og:title\" content=\"Skarga interesariuszy | Basecamp by Xior\" \/>\n<meta property=\"og:description\" content=\"Basecamp Group by Xior dba o do\u015bwiadczenia interesariuszy i zobowi\u0105zuje si\u0119 do oferowania us\u0142ug, dzi\u0119ki kt\u00f3rym interesariusze mog\u0105 zg\u0142asza\u0107 swoje obawy w spos\u00f3b poufny.\" \/>\n<meta property=\"og:url\" content=\"https:\/\/stage.basecampstudent.com\/pl\/stakeholder-grievance\/\" \/>\n<meta property=\"og:site_name\" content=\"Basecamp\" \/>\n<meta property=\"article:modified_time\" content=\"2025-01-21T13:54:56+00:00\" \/>\n<meta name=\"twitter:card\" content=\"summary_large_image\" \/>\n<script type=\"application\/ld+json\" class=\"yoast-schema-graph\">{\"@context\":\"https:\\\/\\\/schema.org\",\"@graph\":[{\"@type\":\"WebPage\",\"@id\":\"https:\\\/\\\/stage.basecampstudent.com\\\/pl\\\/stakeholder-grievance\\\/\",\"url\":\"https:\\\/\\\/stage.basecampstudent.com\\\/pl\\\/stakeholder-grievance\\\/\",\"name\":\"Skarga interesariuszy | Basecamp by Xior\",\"isPartOf\":{\"@id\":\"https:\\\/\\\/stage.basecampstudent.com\\\/#website\"},\"datePublished\":\"2022-05-26T14:11:50+00:00\",\"dateModified\":\"2025-01-21T13:54:56+00:00\",\"description\":\"Basecamp Group by Xior dba o do\u015bwiadczenia interesariuszy i zobowi\u0105zuje si\u0119 do oferowania us\u0142ug, dzi\u0119ki kt\u00f3rym interesariusze mog\u0105 zg\u0142asza\u0107 swoje obawy w spos\u00f3b poufny.\",\"breadcrumb\":{\"@id\":\"https:\\\/\\\/stage.basecampstudent.com\\\/pl\\\/stakeholder-grievance\\\/#breadcrumb\"},\"inLanguage\":\"pl-PL\",\"potentialAction\":[{\"@type\":\"ReadAction\",\"target\":[\"https:\\\/\\\/stage.basecampstudent.com\\\/pl\\\/stakeholder-grievance\\\/\"]}]},{\"@type\":\"BreadcrumbList\",\"@id\":\"https:\\\/\\\/stage.basecampstudent.com\\\/pl\\\/stakeholder-grievance\\\/#breadcrumb\",\"itemListElement\":[{\"@type\":\"ListItem\",\"position\":1,\"name\":\"Home\",\"item\":\"https:\\\/\\\/stage.basecampstudent.com\\\/pl\\\/\"},{\"@type\":\"ListItem\",\"position\":2,\"name\":\"Skarga interesariuszy\"}]},{\"@type\":\"WebSite\",\"@id\":\"https:\\\/\\\/stage.basecampstudent.com\\\/#website\",\"url\":\"https:\\\/\\\/stage.basecampstudent.com\\\/\",\"name\":\"Basecamp\",\"description\":\"Living spaces for dreamers, thinkers and go-getters.\",\"publisher\":{\"@id\":\"https:\\\/\\\/stage.basecampstudent.com\\\/#organization\"},\"potentialAction\":[{\"@type\":\"SearchAction\",\"target\":{\"@type\":\"EntryPoint\",\"urlTemplate\":\"https:\\\/\\\/stage.basecampstudent.com\\\/?s={search_term_string}\"},\"query-input\":{\"@type\":\"PropertyValueSpecification\",\"valueRequired\":true,\"valueName\":\"search_term_string\"}}],\"inLanguage\":\"pl-PL\"},{\"@type\":\"Organization\",\"@id\":\"https:\\\/\\\/stage.basecampstudent.com\\\/#organization\",\"name\":\"Basecamp\",\"url\":\"https:\\\/\\\/stage.basecampstudent.com\\\/\",\"logo\":{\"@type\":\"ImageObject\",\"inLanguage\":\"pl-PL\",\"@id\":\"https:\\\/\\\/stage.basecampstudent.com\\\/#\\\/schema\\\/logo\\\/image\\\/\",\"url\":\"https:\\\/\\\/stage.basecampstudent.com\\\/wp-content\\\/uploads\\\/2022\\\/02\\\/logo.svg\",\"contentUrl\":\"https:\\\/\\\/stage.basecampstudent.com\\\/wp-content\\\/uploads\\\/2022\\\/02\\\/logo.svg\",\"width\":276,\"height\":40,\"caption\":\"Basecamp\"},\"image\":{\"@id\":\"https:\\\/\\\/stage.basecampstudent.com\\\/#\\\/schema\\\/logo\\\/image\\\/\"}}]}<\/script>\n<!-- \/ Yoast SEO plugin. -->","yoast_head_json":{"title":"Skarga interesariuszy | Basecamp by Xior","description":"Basecamp Group by Xior dba o do\u015bwiadczenia interesariuszy i zobowi\u0105zuje si\u0119 do oferowania us\u0142ug, dzi\u0119ki kt\u00f3rym interesariusze mog\u0105 zg\u0142asza\u0107 swoje obawy w spos\u00f3b poufny.","robots":{"index":"noindex","follow":"follow","max-snippet":"max-snippet:-1","max-image-preview":"max-image-preview:large","max-video-preview":"max-video-preview:-1"},"og_locale":"pl_PL","og_type":"article","og_title":"Skarga interesariuszy | Basecamp by Xior","og_description":"Basecamp Group by Xior dba o do\u015bwiadczenia interesariuszy i zobowi\u0105zuje si\u0119 do oferowania us\u0142ug, dzi\u0119ki kt\u00f3rym interesariusze mog\u0105 zg\u0142asza\u0107 swoje obawy w spos\u00f3b poufny.","og_url":"https:\/\/stage.basecampstudent.com\/pl\/stakeholder-grievance\/","og_site_name":"Basecamp","article_modified_time":"2025-01-21T13:54:56+00:00","twitter_card":"summary_large_image","schema":{"@context":"https:\/\/schema.org","@graph":[{"@type":"WebPage","@id":"https:\/\/stage.basecampstudent.com\/pl\/stakeholder-grievance\/","url":"https:\/\/stage.basecampstudent.com\/pl\/stakeholder-grievance\/","name":"Skarga interesariuszy | Basecamp by Xior","isPartOf":{"@id":"https:\/\/stage.basecampstudent.com\/#website"},"datePublished":"2022-05-26T14:11:50+00:00","dateModified":"2025-01-21T13:54:56+00:00","description":"Basecamp Group by Xior dba o do\u015bwiadczenia interesariuszy i zobowi\u0105zuje si\u0119 do oferowania us\u0142ug, dzi\u0119ki kt\u00f3rym interesariusze mog\u0105 zg\u0142asza\u0107 swoje obawy w spos\u00f3b poufny.","breadcrumb":{"@id":"https:\/\/stage.basecampstudent.com\/pl\/stakeholder-grievance\/#breadcrumb"},"inLanguage":"pl-PL","potentialAction":[{"@type":"ReadAction","target":["https:\/\/stage.basecampstudent.com\/pl\/stakeholder-grievance\/"]}]},{"@type":"BreadcrumbList","@id":"https:\/\/stage.basecampstudent.com\/pl\/stakeholder-grievance\/#breadcrumb","itemListElement":[{"@type":"ListItem","position":1,"name":"Home","item":"https:\/\/stage.basecampstudent.com\/pl\/"},{"@type":"ListItem","position":2,"name":"Skarga interesariuszy"}]},{"@type":"WebSite","@id":"https:\/\/stage.basecampstudent.com\/#website","url":"https:\/\/stage.basecampstudent.com\/","name":"Basecamp","description":"Living spaces for dreamers, thinkers and go-getters.","publisher":{"@id":"https:\/\/stage.basecampstudent.com\/#organization"},"potentialAction":[{"@type":"SearchAction","target":{"@type":"EntryPoint","urlTemplate":"https:\/\/stage.basecampstudent.com\/?s={search_term_string}"},"query-input":{"@type":"PropertyValueSpecification","valueRequired":true,"valueName":"search_term_string"}}],"inLanguage":"pl-PL"},{"@type":"Organization","@id":"https:\/\/stage.basecampstudent.com\/#organization","name":"Basecamp","url":"https:\/\/stage.basecampstudent.com\/","logo":{"@type":"ImageObject","inLanguage":"pl-PL","@id":"https:\/\/stage.basecampstudent.com\/#\/schema\/logo\/image\/","url":"https:\/\/stage.basecampstudent.com\/wp-content\/uploads\/2022\/02\/logo.svg","contentUrl":"https:\/\/stage.basecampstudent.com\/wp-content\/uploads\/2022\/02\/logo.svg","width":276,"height":40,"caption":"Basecamp"},"image":{"@id":"https:\/\/stage.basecampstudent.com\/#\/schema\/logo\/image\/"}}]}},"_links":{"self":[{"href":"https:\/\/stage.basecampstudent.com\/pl\/wp-json\/wp\/v2\/pages\/8706","targetHints":{"allow":["GET"]}}],"collection":[{"href":"https:\/\/stage.basecampstudent.com\/pl\/wp-json\/wp\/v2\/pages"}],"about":[{"href":"https:\/\/stage.basecampstudent.com\/pl\/wp-json\/wp\/v2\/types\/page"}],"author":[{"embeddable":true,"href":"https:\/\/stage.basecampstudent.com\/pl\/wp-json\/wp\/v2\/users\/7"}],"replies":[{"embeddable":true,"href":"https:\/\/stage.basecampstudent.com\/pl\/wp-json\/wp\/v2\/comments?post=8706"}],"version-history":[{"count":2,"href":"https:\/\/stage.basecampstudent.com\/pl\/wp-json\/wp\/v2\/pages\/8706\/revisions"}],"predecessor-version":[{"id":35361,"href":"https:\/\/stage.basecampstudent.com\/pl\/wp-json\/wp\/v2\/pages\/8706\/revisions\/35361"}],"wp:attachment":[{"href":"https:\/\/stage.basecampstudent.com\/pl\/wp-json\/wp\/v2\/media?parent=8706"}],"curies":[{"name":"wp","href":"https:\/\/api.w.org\/{rel}","templated":true}]}}