{"id":8697,"date":"2022-05-24T15:55:09","date_gmt":"2022-05-24T15:55:09","guid":{"rendered":"https:\/\/stage.basecampstudent.com\/?page_id=8697"},"modified":"2025-01-21T14:00:04","modified_gmt":"2025-01-21T14:00:04","slug":"information-clause","status":"publish","type":"page","link":"https:\/\/stage.basecampstudent.com\/pl\/information-clause\/","title":{"rendered":"Klauzula informacyjna"},"content":{"rendered":"\n<p><\/p>\n\n\n\n<h2 class=\"wp-block-heading\"><\/h2>\n\n\n\n<section class=\"site-policy\">\n    <div class=\"container\">\n        <div class=\"site-policy__left\">\n            <div class=\"site-policy__headline\">\n                <h1 class=\"site-policy__title\">Klauzula informacyjna<\/h1>\n                <div class=\"site-policy__date\"><p>PODSTAWOWE INFORMACJE O PRZETWARZANIU DANYCH OSOBOWYCH:<\/p><\/div>            <\/div>\n            <div class=\"site-policy__content\">\n\n                <div class=\"site-policy__mobile policy-mobile\">\n                    <div class=\"policy-mobile__wrap\">\n                        <h3 class=\"policy-mobile__title\">1. Administrator danych osobowych<\/h3><div class=\"policy-mobile__dropdown\"><ul class=\"policy-mobile__list\"><li class=\"policy-mobile__item\"><a class=\"policy-mobile__link\" href=\"#section-1\"\n                                         data-text=\"1. Administrator danych osobowych\"\n                                         data-anchor>Administrator danych osobowych<\/a><\/li><li class=\"policy-mobile__item\"><a class=\"policy-mobile__link\" href=\"#section-2\"\n                                         data-text=\"2. Cel przetwarzania, podstawa prawna\"\n                                         data-anchor>Cel przetwarzania, podstawa prawna<\/a><\/li><li class=\"policy-mobile__item\"><a class=\"policy-mobile__link\" href=\"#section-3\"\n                                         data-text=\"3. Czas przetwarzania\"\n                                         data-anchor>Czas przetwarzania<\/a><\/li><li class=\"policy-mobile__item\"><a class=\"policy-mobile__link\" href=\"#section-4\"\n                                         data-text=\"4. Odbiorcy danych\"\n                                         data-anchor>Odbiorcy danych<\/a><\/li><li class=\"policy-mobile__item\"><a class=\"policy-mobile__link\" href=\"#section-5\"\n                                         data-text=\"5. Profilowanie i zautomatyzowane przetwarzanie danych\"\n                                         data-anchor>Profilowanie i zautomatyzowane przetwarzanie danych<\/a><\/li><li class=\"policy-mobile__item\"><a class=\"policy-mobile__link\" href=\"#section-6\"\n                                         data-text=\"6. Przetwarzanie poza EOG\"\n                                         data-anchor>Przetwarzanie poza EOG<\/a><\/li><li class=\"policy-mobile__item\"><a class=\"policy-mobile__link\" href=\"#section-7\"\n                                         data-text=\"7. Prawa zwi\u0105zane z przetwarzaniem danych\"\n                                         data-anchor>Prawa zwi\u0105zane z przetwarzaniem danych<\/a><\/li><li class=\"policy-mobile__item\"><a class=\"policy-mobile__link\" href=\"#section-8\"\n                                         data-text=\"8. Skarga\"\n                                         data-anchor>Skarga<\/a><\/li><li class=\"policy-mobile__item\"><a class=\"policy-mobile__link\" href=\"#section-9\"\n                                         data-text=\"9. Polityka prywatno\u015bci\"\n                                         data-anchor>Polityka prywatno\u015bci<\/a><\/li><\/ul><\/div>                    <\/div>\n                <\/div>\n\n                <div id=\"section-1\" class=\"site-policy__item policy-item\"><h3 class=\"policy-item__title\">1. Administrator danych osobowych<\/h3><div class=\"policy-item__content\"><p>Basecamp Group Limited z siedzib\u0105 w Londynie: 33 Broadwick Street, Londyn, W1F 0DQ, Wielka Brytania<\/p>\n<p>BaseCamp Student GmbH z siedzib\u0105 w Berlinie: 3. Quergeb\u00e4ude, EG, Brunnenstr. 196, 10119 Berlin, Niemcy<\/p>\n<p>BaseCamp Student Real Estate ApS z siedzib\u0105 w Kopenhadze: Kristen Bernikows Gade 4, 1.DK-1105 Kobenhavn K Dania<\/p>\n<p>ST \u0141\u00f3d\u017a Rewolucji 1905 Sp. z o.o. z siedzib\u0105 w Warszawie (kod pocztowy: 02-661), Plac Ireneusza Gugulskiego 1, zarejestrowana w Krajowym Rejestrze S\u0105dowym pod numerem KRS: 0000559040, NIP: 5213697281, REGON: 361570090.<\/p>\n<p>ST \u0141\u00f3d\u017a Rembieli\u0144skiego Sp. z o.o. z siedzib\u0105 w Warszawie (kod pocztowy: 02-661), Plac Ireneusza Gugulskiego 1, zarejestrowana w Krajowym Rejestrze S\u0105dowym pod numerem KRS: 0000663027, NIP: 5213767857, REGON: 366562088.<\/p>\n<p>ST Katowice Krasi\u0144skiego sp. z o.o. z siedzib\u0105 w Warszawie (kod pocztowy: 02-661), Plac Ireneusza Gugulskiego 1, zarejestrowana w Krajowym Rejestrze S\u0105dowym pod numerem KRS: 0000604188, NIP: 5213724115, REGON: 363808146, w zale\u017cno\u015bci od tego, kt\u00f3ra sp\u00f3\u0142ka zawar\u0142a umow\u0119 najmu z najemc\u0105.<\/p>\n<\/div><\/div><div id=\"section-2\" class=\"site-policy__item policy-item\"><h3 class=\"policy-item__title\">2. Cel przetwarzania, podstawa prawna<\/h3><div class=\"policy-item__content\"><ul>\n<li>1. zawarcia i wykonania umowy wi\u0105\u017c\u0105cej Strony (art. 6 ust. 1 lit. b RODO);<\/li>\n<li>2. wype\u0142nienia obowi\u0105zku prawnego ci\u0105\u017c\u0105cego na Administratorze w zakresie rozlicze\u0144 finansowych, w tym rozlicze\u0144 podatkowych (art. 6 ust. 1 lit. c RODO);<\/li>\n<li>3. prawnie uzasadnione interesy Administratora, tj. dokonywanie rozlicze\u0144, ewentualne zg\u0142oszenie umowy lub kontrahenta do organ\u00f3w podatkowych lub Zak\u0142adu Ubezpiecze\u0144 Spo\u0142ecznych, marketing produkt\u00f3w, us\u0142ug lub rob\u00f3t budowlanych, prowadzenie ewentualnych post\u0119powa\u0144 s\u0105dowych i administracyjnych (art. 6 ust. 1 lit. f RODO). 1 lit. f RODO).&#8221;<\/li>\n<\/ul>\n<\/div><\/div><div id=\"section-3\" class=\"site-policy__item policy-item\"><h3 class=\"policy-item__title\">3. Czas przetwarzania<\/h3><div class=\"policy-item__content\"><p>Okres niezb\u0119dny do realizacji cel\u00f3w opisanych w informacji powy\u017cej, tj. przez czas trwania umowy pomi\u0119dzy Administratorem a Tob\u0105 lub okres \u015bwiadczenia us\u0142ug, a po jej wyga\u015bni\u0119ciu\/zako\u0144czeniu \u015bwiadczenia us\u0142ug przez okres wymagany przepisami prawa lub niezb\u0119dny do realizacji prawnie uzasadnionych interes\u00f3w Administratora.<\/p>\n<\/div><\/div><div id=\"section-4\" class=\"site-policy__item policy-item\"><h3 class=\"policy-item__title\">4. Odbiorcy danych<\/h3><div class=\"policy-item__content\"><p>Dostawcy us\u0142ug informatycznych, prawnych i ksi\u0119gowych dzia\u0142aj\u0105cy na rzecz Administratora oraz pracownicy i wsp\u00f3\u0142pracownicy Administratora.<\/p>\n<\/div><\/div><div id=\"section-5\" class=\"site-policy__item policy-item\"><h3 class=\"policy-item__title\">5. Profilowanie i zautomatyzowane przetwarzanie danych<\/h3><div class=\"policy-item__content\"><p>Administrator nie b\u0119dzie profilowa\u0142 danych lub podejmowa\u0142 utomatycznych decyzji.<\/p>\n<\/div><\/div><div id=\"section-6\" class=\"site-policy__item policy-item\"><h3 class=\"policy-item__title\">6. Przetwarzanie poza EOG<\/h3><div class=\"policy-item__content\"><p>Administrator nie b\u0119dzie przetwarza\u0142 danych poza EOG.<\/p>\n<\/div><\/div><div id=\"section-7\" class=\"site-policy__item policy-item\"><h3 class=\"policy-item__title\">7. Prawa zwi\u0105zane z przetwarzaniem danych<\/h3><div class=\"policy-item__content\"><p>Prawo do aktualizacji nieaktualnych lub nieprawid\u0142owych danych; Prawo do sprostowania danych, je\u017celi oka\u017ce si\u0119, \u017ce przetwarzane dane s\u0105 nieprawid\u0142owe; Prawo dost\u0119pu do swoich danych, w tym uzyskania ich kopii oraz informacji o ich przetwarzaniu; Prawo do \u017c\u0105dania usuni\u0119cia danych osobowych (&#8222;prawo do bycia zapomnianym&#8221;), w przypadkach okre\u015blonych przepisami RODO; Prawo do \u017c\u0105dania ograniczenia przetwarzania danych; Prawo do przenoszenia danych, kt\u00f3re dostarczy\u0142e\u015b Administratorowi; Prawo do wniesienia skargi do w\u0142a\u015bciwego organu nadzorczego.<\/p>\n<\/div><\/div><div id=\"section-8\" class=\"site-policy__item policy-item\"><h3 class=\"policy-item__title\">8. Skarga<\/h3><div class=\"policy-item__content\"><p>Masz prawo z\u0142o\u017cy\u0107 skarg\u0119 na dzia\u0142ania Administratora do odpowiedniego organu ochrony danych w miejscu, w kt\u00f3rym przebywasz w Basecamp:<\/p>\n<ul>\n<li>Wielka Brytania &#8211; <a href=\"https:\/\/ico.org.uk\/\">Information Commissioners Office<\/a><\/li>\n<li>Republika Federalna Niemiec &#8211; Berlin &#8211; <a href=\"https:\/\/www.datenschutz-berlin.de\/\">Berliner Beauftragte f\u00fcr Datenschutz und Informationsfreiheit <\/a>(nale\u017cy pami\u0119ta\u0107, \u017ce ka\u017cdy kraj zwi\u0105zkowy mo\u017ce mie\u0107 w\u0142asny odr\u0119bny organ)<\/li>\n<li>Polska &#8211; <a href=\"https:\/\/uodo.gov.pl\/\">Urz\u0105d Ochrony Danych Osobowych<\/a><\/li>\n<li>Dania &#8211; <a href=\"https:\/\/www.datatilsynet.no\/\">Datatilsynet<\/a><\/li>\n<li>Szwecja &#8211; <a href=\"https:\/\/www.imy.se\/\">Integritetsskyddsmyndigheten<\/a><\/li>\n<\/ul>\n<\/div><\/div><div id=\"section-9\" class=\"site-policy__item policy-item\"><h3 class=\"policy-item__title\">9. Polityka prywatno\u015bci<\/h3><div class=\"policy-item__content\"><div class=\"site-policy__left\">\n<div class=\"site-policy__content\">\n<div id=\"section-9\" class=\"site-policy__item policy-item\">\n<div class=\"policy-item__content\">\n<p>Najemca potwierdza, \u017ce uzyska\u0142 informacj\u0119, \u017ce aktualna wersja Polityki Prywatno\u015bci Grupy Basecamp jest dost\u0119pna na stronie internetowej poprzez klikni\u0119cie linku na dole tej strony.<\/p>\n<p><a href=\"https:\/\/stage.basecampstudent.com\/pl\/privacy-policy\/\">Polityka prywatno\u015bci<\/a><\/p>\n<\/div><\/div>            <\/div>\n        <\/div>\n        <div class=\"site-policy__right policy-links\" style=\"\">\n            <h2 class=\"policy-links__title\">Quick Links<\/h2><ol class=\"policy-links__list\"><li class=\"policy-links__item\"><a class=\"policy-links__link\" href=\"#section-1\" data-anchor>Administrator danych osobowych<\/a><\/li><li class=\"policy-links__item\"><a class=\"policy-links__link\" href=\"#section-2\" data-anchor>Cel przetwarzania, podstawa prawna<\/a><\/li><li class=\"policy-links__item\"><a class=\"policy-links__link\" href=\"#section-3\" data-anchor>Czas przetwarzania<\/a><\/li><li class=\"policy-links__item\"><a class=\"policy-links__link\" href=\"#section-4\" data-anchor>Odbiorcy danych<\/a><\/li><li class=\"policy-links__item\"><a class=\"policy-links__link\" href=\"#section-5\" data-anchor>Profilowanie i zautomatyzowane przetwarzanie danych<\/a><\/li><li class=\"policy-links__item\"><a class=\"policy-links__link\" href=\"#section-6\" data-anchor>Przetwarzanie poza EOG<\/a><\/li><li class=\"policy-links__item\"><a class=\"policy-links__link\" href=\"#section-7\" data-anchor>Prawa zwi\u0105zane z przetwarzaniem danych<\/a><\/li><li class=\"policy-links__item\"><a class=\"policy-links__link\" href=\"#section-8\" data-anchor>Skarga<\/a><\/li><li class=\"policy-links__item\"><a class=\"policy-links__link\" href=\"#section-9\" data-anchor>Polityka prywatno\u015bci<\/a><\/li><\/ol>        <\/div>\n    <\/div>\n<\/section>","protected":false},"excerpt":{"rendered":"","protected":false},"author":7,"featured_media":0,"parent":0,"menu_order":0,"comment_status":"closed","ping_status":"closed","template":"","meta":{"_acf_changed":false,"inline_featured_image":false,"footnotes":""},"class_list":["post-8697","page","type-page","status-publish","hentry"],"acf":[],"yoast_head":"<!-- This site is optimized with the Yoast SEO plugin v27.3 - https:\/\/yoast.com\/product\/yoast-seo-wordpress\/ -->\n<title>Klauzula informacyjna | Basecamp by Xior<\/title>\n<meta name=\"description\" content=\"Dowiedz si\u0119, w jaki spos\u00f3b przetwarzamy Twoje dane osobowe. Przejrzysto\u015b\u0107 i bezpiecze\u0144stwo to nasze priorytety.\" \/>\n<meta name=\"robots\" content=\"noindex, follow, max-snippet:-1, max-image-preview:large, max-video-preview:-1\" \/>\n<meta property=\"og:locale\" content=\"pl_PL\" \/>\n<meta property=\"og:type\" content=\"article\" \/>\n<meta property=\"og:title\" content=\"Klauzula informacyjna | Basecamp by Xior\" \/>\n<meta property=\"og:description\" content=\"Dowiedz si\u0119, w jaki spos\u00f3b przetwarzamy Twoje dane osobowe. Przejrzysto\u015b\u0107 i bezpiecze\u0144stwo to nasze priorytety.\" \/>\n<meta property=\"og:url\" content=\"https:\/\/stage.basecampstudent.com\/pl\/information-clause\/\" \/>\n<meta property=\"og:site_name\" content=\"Basecamp\" \/>\n<meta property=\"article:modified_time\" content=\"2025-01-21T14:00:04+00:00\" \/>\n<meta name=\"twitter:card\" content=\"summary_large_image\" \/>\n<script type=\"application\/ld+json\" class=\"yoast-schema-graph\">{\"@context\":\"https:\\\/\\\/schema.org\",\"@graph\":[{\"@type\":\"WebPage\",\"@id\":\"https:\\\/\\\/stage.basecampstudent.com\\\/pl\\\/information-clause\\\/\",\"url\":\"https:\\\/\\\/stage.basecampstudent.com\\\/pl\\\/information-clause\\\/\",\"name\":\"Klauzula informacyjna | Basecamp by Xior\",\"isPartOf\":{\"@id\":\"https:\\\/\\\/stage.basecampstudent.com\\\/#website\"},\"datePublished\":\"2022-05-24T15:55:09+00:00\",\"dateModified\":\"2025-01-21T14:00:04+00:00\",\"description\":\"Dowiedz si\u0119, w jaki spos\u00f3b przetwarzamy Twoje dane osobowe. Przejrzysto\u015b\u0107 i bezpiecze\u0144stwo to nasze priorytety.\",\"breadcrumb\":{\"@id\":\"https:\\\/\\\/stage.basecampstudent.com\\\/pl\\\/information-clause\\\/#breadcrumb\"},\"inLanguage\":\"pl-PL\",\"potentialAction\":[{\"@type\":\"ReadAction\",\"target\":[\"https:\\\/\\\/stage.basecampstudent.com\\\/pl\\\/information-clause\\\/\"]}]},{\"@type\":\"BreadcrumbList\",\"@id\":\"https:\\\/\\\/stage.basecampstudent.com\\\/pl\\\/information-clause\\\/#breadcrumb\",\"itemListElement\":[{\"@type\":\"ListItem\",\"position\":1,\"name\":\"Home\",\"item\":\"https:\\\/\\\/stage.basecampstudent.com\\\/pl\\\/\"},{\"@type\":\"ListItem\",\"position\":2,\"name\":\"Klauzula informacyjna\"}]},{\"@type\":\"WebSite\",\"@id\":\"https:\\\/\\\/stage.basecampstudent.com\\\/#website\",\"url\":\"https:\\\/\\\/stage.basecampstudent.com\\\/\",\"name\":\"Basecamp\",\"description\":\"Living spaces for dreamers, thinkers and go-getters.\",\"publisher\":{\"@id\":\"https:\\\/\\\/stage.basecampstudent.com\\\/#organization\"},\"potentialAction\":[{\"@type\":\"SearchAction\",\"target\":{\"@type\":\"EntryPoint\",\"urlTemplate\":\"https:\\\/\\\/stage.basecampstudent.com\\\/?s={search_term_string}\"},\"query-input\":{\"@type\":\"PropertyValueSpecification\",\"valueRequired\":true,\"valueName\":\"search_term_string\"}}],\"inLanguage\":\"pl-PL\"},{\"@type\":\"Organization\",\"@id\":\"https:\\\/\\\/stage.basecampstudent.com\\\/#organization\",\"name\":\"Basecamp\",\"url\":\"https:\\\/\\\/stage.basecampstudent.com\\\/\",\"logo\":{\"@type\":\"ImageObject\",\"inLanguage\":\"pl-PL\",\"@id\":\"https:\\\/\\\/stage.basecampstudent.com\\\/#\\\/schema\\\/logo\\\/image\\\/\",\"url\":\"https:\\\/\\\/stage.basecampstudent.com\\\/wp-content\\\/uploads\\\/2022\\\/02\\\/logo.svg\",\"contentUrl\":\"https:\\\/\\\/stage.basecampstudent.com\\\/wp-content\\\/uploads\\\/2022\\\/02\\\/logo.svg\",\"width\":276,\"height\":40,\"caption\":\"Basecamp\"},\"image\":{\"@id\":\"https:\\\/\\\/stage.basecampstudent.com\\\/#\\\/schema\\\/logo\\\/image\\\/\"}}]}<\/script>\n<!-- \/ Yoast SEO plugin. -->","yoast_head_json":{"title":"Klauzula informacyjna | Basecamp by Xior","description":"Dowiedz si\u0119, w jaki spos\u00f3b przetwarzamy Twoje dane osobowe. Przejrzysto\u015b\u0107 i bezpiecze\u0144stwo to nasze priorytety.","robots":{"index":"noindex","follow":"follow","max-snippet":"max-snippet:-1","max-image-preview":"max-image-preview:large","max-video-preview":"max-video-preview:-1"},"og_locale":"pl_PL","og_type":"article","og_title":"Klauzula informacyjna | Basecamp by Xior","og_description":"Dowiedz si\u0119, w jaki spos\u00f3b przetwarzamy Twoje dane osobowe. Przejrzysto\u015b\u0107 i bezpiecze\u0144stwo to nasze priorytety.","og_url":"https:\/\/stage.basecampstudent.com\/pl\/information-clause\/","og_site_name":"Basecamp","article_modified_time":"2025-01-21T14:00:04+00:00","twitter_card":"summary_large_image","schema":{"@context":"https:\/\/schema.org","@graph":[{"@type":"WebPage","@id":"https:\/\/stage.basecampstudent.com\/pl\/information-clause\/","url":"https:\/\/stage.basecampstudent.com\/pl\/information-clause\/","name":"Klauzula informacyjna | Basecamp by Xior","isPartOf":{"@id":"https:\/\/stage.basecampstudent.com\/#website"},"datePublished":"2022-05-24T15:55:09+00:00","dateModified":"2025-01-21T14:00:04+00:00","description":"Dowiedz si\u0119, w jaki spos\u00f3b przetwarzamy Twoje dane osobowe. Przejrzysto\u015b\u0107 i bezpiecze\u0144stwo to nasze priorytety.","breadcrumb":{"@id":"https:\/\/stage.basecampstudent.com\/pl\/information-clause\/#breadcrumb"},"inLanguage":"pl-PL","potentialAction":[{"@type":"ReadAction","target":["https:\/\/stage.basecampstudent.com\/pl\/information-clause\/"]}]},{"@type":"BreadcrumbList","@id":"https:\/\/stage.basecampstudent.com\/pl\/information-clause\/#breadcrumb","itemListElement":[{"@type":"ListItem","position":1,"name":"Home","item":"https:\/\/stage.basecampstudent.com\/pl\/"},{"@type":"ListItem","position":2,"name":"Klauzula informacyjna"}]},{"@type":"WebSite","@id":"https:\/\/stage.basecampstudent.com\/#website","url":"https:\/\/stage.basecampstudent.com\/","name":"Basecamp","description":"Living spaces for dreamers, thinkers and go-getters.","publisher":{"@id":"https:\/\/stage.basecampstudent.com\/#organization"},"potentialAction":[{"@type":"SearchAction","target":{"@type":"EntryPoint","urlTemplate":"https:\/\/stage.basecampstudent.com\/?s={search_term_string}"},"query-input":{"@type":"PropertyValueSpecification","valueRequired":true,"valueName":"search_term_string"}}],"inLanguage":"pl-PL"},{"@type":"Organization","@id":"https:\/\/stage.basecampstudent.com\/#organization","name":"Basecamp","url":"https:\/\/stage.basecampstudent.com\/","logo":{"@type":"ImageObject","inLanguage":"pl-PL","@id":"https:\/\/stage.basecampstudent.com\/#\/schema\/logo\/image\/","url":"https:\/\/stage.basecampstudent.com\/wp-content\/uploads\/2022\/02\/logo.svg","contentUrl":"https:\/\/stage.basecampstudent.com\/wp-content\/uploads\/2022\/02\/logo.svg","width":276,"height":40,"caption":"Basecamp"},"image":{"@id":"https:\/\/stage.basecampstudent.com\/#\/schema\/logo\/image\/"}}]}},"_links":{"self":[{"href":"https:\/\/stage.basecampstudent.com\/pl\/wp-json\/wp\/v2\/pages\/8697","targetHints":{"allow":["GET"]}}],"collection":[{"href":"https:\/\/stage.basecampstudent.com\/pl\/wp-json\/wp\/v2\/pages"}],"about":[{"href":"https:\/\/stage.basecampstudent.com\/pl\/wp-json\/wp\/v2\/types\/page"}],"author":[{"embeddable":true,"href":"https:\/\/stage.basecampstudent.com\/pl\/wp-json\/wp\/v2\/users\/7"}],"replies":[{"embeddable":true,"href":"https:\/\/stage.basecampstudent.com\/pl\/wp-json\/wp\/v2\/comments?post=8697"}],"version-history":[{"count":1,"href":"https:\/\/stage.basecampstudent.com\/pl\/wp-json\/wp\/v2\/pages\/8697\/revisions"}],"predecessor-version":[{"id":29600,"href":"https:\/\/stage.basecampstudent.com\/pl\/wp-json\/wp\/v2\/pages\/8697\/revisions\/29600"}],"wp:attachment":[{"href":"https:\/\/stage.basecampstudent.com\/pl\/wp-json\/wp\/v2\/media?parent=8697"}],"curies":[{"name":"wp","href":"https:\/\/api.w.org\/{rel}","templated":true}]}}