{"id":13406,"date":"2022-07-11T17:43:58","date_gmt":"2022-07-11T17:43:58","guid":{"rendered":"https:\/\/stage.basecampstudent.com\/careers\/"},"modified":"2025-02-11T11:55:09","modified_gmt":"2025-02-11T11:55:09","slug":"careers","status":"publish","type":"page","link":"https:\/\/stage.basecampstudent.com\/pl\/careers\/","title":{"rendered":"Careers"},"content":{"rendered":"\n<section data-component=\"hero-without-form-block\" class=\"hero hero--without-form\" data-bgcolor=\"#ffffff\">\n        <div class=\"container\">\n        <h1 class=\"hero__title\">Kariera w Basecamp<\/h1>        <div class=\"hero__promo promo\">\n            <div class=\"promo__thumbnail\">\n                <img data-src=\"https:\/\/stage.basecampstudent.com\/wp-content\/uploads\/2022\/11\/MicrosoftTeams-image-1.jpeg\" alt=\"People who work at Basecamp\">            <\/div>\n        <\/div>\n    <\/div>\n<\/section>\n\n\n\n<section class=\"simple-section simple-section--default not-overflow \" id=\"simple-section-block\" data-bgcolor=\"#ffffff\">\n    <div class=\"container\">\n        <h2 class=\"dots-title simple-section__title\">DO\u0141\u0104CZ DO TEAMU<\/h2><div class=\"simple-section__content\"><div class=\"simple-section__description\"><p><span data-sheets-value=\"{&quot;1&quot;:2,&quot;2&quot;:&quot;Basecamp to niezapomniane wra\u017cenia i nowoczesne przestrzenie \u017cyciowe dla marzycieli, podr\u00f3\u017cnik\u00f3w i przedsi\u0119biorc\u00f3w. Zachwycamy wszystkich go\u015bci.\\n\\n\\nLudzie s\u0105 w centrum wszystkiego, co robimy, a w naszym zespole promujemy ciekawo\u015b\u0107, wi\u0119zy i wsp\u00f3ln\u0105 prac\u0119, aby zapewni\u0107 jak najlepsze wra\u017cenia.\\n\\n\\nBasecamp dzia\u0142a w wiod\u0105cych miastach uniwersyteckich w Danii, Niemczech i Polsce \u2013 a kolejne s\u0105 w przygotowaniu \u2013 i zawsze poszukujemy nowych talent\u00f3w.\\n\\n\\nJe\u015bli wk\u0142adasz pasj\u0119 we wszystko co robisz, to zamieniamy si\u0119 w s\u0142uch i czekamy na wiadomo\u015b\u0107\\n\\n\\nWy\u015blij swoje CV na adres  careers@xior.eu&quot;}\" data-sheets-userformat=\"{&quot;2&quot;:769,&quot;3&quot;:{&quot;1&quot;:0},&quot;11&quot;:4,&quot;12&quot;:0}\">Basecamp to niezapomniane wra\u017cenia i nowoczesne przestrzenie \u017cyciowe dla marzycieli, podr\u00f3\u017cnik\u00f3w i przedsi\u0119biorc\u00f3w. Zachwycamy wszystkich go\u015bci.<\/span><\/p>\n<p>Ludzie s\u0105 w centrum wszystkiego, co robimy, a w naszym zespole promujemy ciekawo\u015b\u0107, wi\u0119zy i wsp\u00f3ln\u0105 prac\u0119, aby zapewni\u0107 jak najlepsze wra\u017cenia.<\/p>\n<p>Basecamp dzia\u0142a w wiod\u0105cych miastach uniwersyteckich w Danii, Niemczech, Polsce i Szwecji &#8211; a kolejne s\u0105 w przygotowaniu &#8211; i zawsze szukamy nowych talent\u00f3w.<\/p>\n<p>Je\u015bli wk\u0142adasz pasj\u0119 we wszystko co robisz, to zamieniamy si\u0119 w s\u0142uch i czekamy na wiadomo\u015b\u0107<\/p>\n<p>Wy\u015blij swoje CV na adres  careers@xior.eu<\/p>\n<\/div><div class=\"simple-section__btn\"><a class=\"btn-red\" href=\"https:\/\/corporate.xior.be\/en\/careers\/vacancies\">\n                                  <span>Oferty pracy<\/span>\n                              <\/a><\/div><\/div>    <\/div>\n<\/section>\n","protected":false},"excerpt":{"rendered":"","protected":false},"author":7,"featured_media":0,"parent":0,"menu_order":0,"comment_status":"closed","ping_status":"closed","template":"","meta":{"_acf_changed":false,"inline_featured_image":false,"footnotes":""},"class_list":["post-13406","page","type-page","status-publish","hentry"],"acf":[],"yoast_head":"<!-- This site is optimized with the Yoast SEO plugin v27.3 - https:\/\/yoast.com\/product\/yoast-seo-wordpress\/ -->\n<title>Careers | Basecamp by Xior<\/title>\n<meta name=\"description\" content=\"Basecamp operates in leading university cities across Denmark, Germany and Poland and we are always on the look out for fantastic talent.\" \/>\n<meta name=\"robots\" content=\"noindex, follow, max-snippet:-1, max-image-preview:large, max-video-preview:-1\" \/>\n<meta property=\"og:locale\" content=\"pl_PL\" \/>\n<meta property=\"og:type\" content=\"article\" \/>\n<meta property=\"og:title\" content=\"Careers | Basecamp by Xior\" \/>\n<meta property=\"og:description\" content=\"Basecamp operates in leading university cities across Denmark, Germany and Poland and we are always on the look out for fantastic talent.\" \/>\n<meta property=\"og:url\" content=\"https:\/\/stage.basecampstudent.com\/pl\/careers\/\" \/>\n<meta property=\"og:site_name\" content=\"Basecamp\" \/>\n<meta property=\"article:modified_time\" content=\"2025-02-11T11:55:09+00:00\" \/>\n<meta name=\"twitter:card\" content=\"summary_large_image\" \/>\n<script type=\"application\/ld+json\" class=\"yoast-schema-graph\">{\"@context\":\"https:\\\/\\\/schema.org\",\"@graph\":[{\"@type\":\"WebPage\",\"@id\":\"https:\\\/\\\/stage.basecampstudent.com\\\/pl\\\/careers\\\/\",\"url\":\"https:\\\/\\\/stage.basecampstudent.com\\\/pl\\\/careers\\\/\",\"name\":\"Careers | Basecamp by Xior\",\"isPartOf\":{\"@id\":\"https:\\\/\\\/stage.basecampstudent.com\\\/#website\"},\"datePublished\":\"2022-07-11T17:43:58+00:00\",\"dateModified\":\"2025-02-11T11:55:09+00:00\",\"description\":\"Basecamp operates in leading university cities across Denmark, Germany and Poland and we are always on the look out for fantastic talent.\",\"breadcrumb\":{\"@id\":\"https:\\\/\\\/stage.basecampstudent.com\\\/pl\\\/careers\\\/#breadcrumb\"},\"inLanguage\":\"pl-PL\",\"potentialAction\":[{\"@type\":\"ReadAction\",\"target\":[\"https:\\\/\\\/stage.basecampstudent.com\\\/pl\\\/careers\\\/\"]}]},{\"@type\":\"BreadcrumbList\",\"@id\":\"https:\\\/\\\/stage.basecampstudent.com\\\/pl\\\/careers\\\/#breadcrumb\",\"itemListElement\":[{\"@type\":\"ListItem\",\"position\":1,\"name\":\"Home\",\"item\":\"https:\\\/\\\/stage.basecampstudent.com\\\/pl\\\/\"},{\"@type\":\"ListItem\",\"position\":2,\"name\":\"Careers\"}]},{\"@type\":\"WebSite\",\"@id\":\"https:\\\/\\\/stage.basecampstudent.com\\\/#website\",\"url\":\"https:\\\/\\\/stage.basecampstudent.com\\\/\",\"name\":\"Basecamp\",\"description\":\"Living spaces for dreamers, thinkers and go-getters.\",\"publisher\":{\"@id\":\"https:\\\/\\\/stage.basecampstudent.com\\\/#organization\"},\"potentialAction\":[{\"@type\":\"SearchAction\",\"target\":{\"@type\":\"EntryPoint\",\"urlTemplate\":\"https:\\\/\\\/stage.basecampstudent.com\\\/?s={search_term_string}\"},\"query-input\":{\"@type\":\"PropertyValueSpecification\",\"valueRequired\":true,\"valueName\":\"search_term_string\"}}],\"inLanguage\":\"pl-PL\"},{\"@type\":\"Organization\",\"@id\":\"https:\\\/\\\/stage.basecampstudent.com\\\/#organization\",\"name\":\"Basecamp\",\"url\":\"https:\\\/\\\/stage.basecampstudent.com\\\/\",\"logo\":{\"@type\":\"ImageObject\",\"inLanguage\":\"pl-PL\",\"@id\":\"https:\\\/\\\/stage.basecampstudent.com\\\/#\\\/schema\\\/logo\\\/image\\\/\",\"url\":\"https:\\\/\\\/stage.basecampstudent.com\\\/wp-content\\\/uploads\\\/2022\\\/02\\\/logo.svg\",\"contentUrl\":\"https:\\\/\\\/stage.basecampstudent.com\\\/wp-content\\\/uploads\\\/2022\\\/02\\\/logo.svg\",\"width\":276,\"height\":40,\"caption\":\"Basecamp\"},\"image\":{\"@id\":\"https:\\\/\\\/stage.basecampstudent.com\\\/#\\\/schema\\\/logo\\\/image\\\/\"}}]}<\/script>\n<!-- \/ Yoast SEO plugin. -->","yoast_head_json":{"title":"Careers | Basecamp by Xior","description":"Basecamp operates in leading university cities across Denmark, Germany and Poland and we are always on the look out for fantastic talent.","robots":{"index":"noindex","follow":"follow","max-snippet":"max-snippet:-1","max-image-preview":"max-image-preview:large","max-video-preview":"max-video-preview:-1"},"og_locale":"pl_PL","og_type":"article","og_title":"Careers | Basecamp by Xior","og_description":"Basecamp operates in leading university cities across Denmark, Germany and Poland and we are always on the look out for fantastic talent.","og_url":"https:\/\/stage.basecampstudent.com\/pl\/careers\/","og_site_name":"Basecamp","article_modified_time":"2025-02-11T11:55:09+00:00","twitter_card":"summary_large_image","schema":{"@context":"https:\/\/schema.org","@graph":[{"@type":"WebPage","@id":"https:\/\/stage.basecampstudent.com\/pl\/careers\/","url":"https:\/\/stage.basecampstudent.com\/pl\/careers\/","name":"Careers | Basecamp by Xior","isPartOf":{"@id":"https:\/\/stage.basecampstudent.com\/#website"},"datePublished":"2022-07-11T17:43:58+00:00","dateModified":"2025-02-11T11:55:09+00:00","description":"Basecamp operates in leading university cities across Denmark, Germany and Poland and we are always on the look out for fantastic talent.","breadcrumb":{"@id":"https:\/\/stage.basecampstudent.com\/pl\/careers\/#breadcrumb"},"inLanguage":"pl-PL","potentialAction":[{"@type":"ReadAction","target":["https:\/\/stage.basecampstudent.com\/pl\/careers\/"]}]},{"@type":"BreadcrumbList","@id":"https:\/\/stage.basecampstudent.com\/pl\/careers\/#breadcrumb","itemListElement":[{"@type":"ListItem","position":1,"name":"Home","item":"https:\/\/stage.basecampstudent.com\/pl\/"},{"@type":"ListItem","position":2,"name":"Careers"}]},{"@type":"WebSite","@id":"https:\/\/stage.basecampstudent.com\/#website","url":"https:\/\/stage.basecampstudent.com\/","name":"Basecamp","description":"Living spaces for dreamers, thinkers and go-getters.","publisher":{"@id":"https:\/\/stage.basecampstudent.com\/#organization"},"potentialAction":[{"@type":"SearchAction","target":{"@type":"EntryPoint","urlTemplate":"https:\/\/stage.basecampstudent.com\/?s={search_term_string}"},"query-input":{"@type":"PropertyValueSpecification","valueRequired":true,"valueName":"search_term_string"}}],"inLanguage":"pl-PL"},{"@type":"Organization","@id":"https:\/\/stage.basecampstudent.com\/#organization","name":"Basecamp","url":"https:\/\/stage.basecampstudent.com\/","logo":{"@type":"ImageObject","inLanguage":"pl-PL","@id":"https:\/\/stage.basecampstudent.com\/#\/schema\/logo\/image\/","url":"https:\/\/stage.basecampstudent.com\/wp-content\/uploads\/2022\/02\/logo.svg","contentUrl":"https:\/\/stage.basecampstudent.com\/wp-content\/uploads\/2022\/02\/logo.svg","width":276,"height":40,"caption":"Basecamp"},"image":{"@id":"https:\/\/stage.basecampstudent.com\/#\/schema\/logo\/image\/"}}]}},"_links":{"self":[{"href":"https:\/\/stage.basecampstudent.com\/pl\/wp-json\/wp\/v2\/pages\/13406","targetHints":{"allow":["GET"]}}],"collection":[{"href":"https:\/\/stage.basecampstudent.com\/pl\/wp-json\/wp\/v2\/pages"}],"about":[{"href":"https:\/\/stage.basecampstudent.com\/pl\/wp-json\/wp\/v2\/types\/page"}],"author":[{"embeddable":true,"href":"https:\/\/stage.basecampstudent.com\/pl\/wp-json\/wp\/v2\/users\/7"}],"replies":[{"embeddable":true,"href":"https:\/\/stage.basecampstudent.com\/pl\/wp-json\/wp\/v2\/comments?post=13406"}],"version-history":[{"count":2,"href":"https:\/\/stage.basecampstudent.com\/pl\/wp-json\/wp\/v2\/pages\/13406\/revisions"}],"predecessor-version":[{"id":36604,"href":"https:\/\/stage.basecampstudent.com\/pl\/wp-json\/wp\/v2\/pages\/13406\/revisions\/36604"}],"wp:attachment":[{"href":"https:\/\/stage.basecampstudent.com\/pl\/wp-json\/wp\/v2\/media?parent=13406"}],"curies":[{"name":"wp","href":"https:\/\/api.w.org\/{rel}","templated":true}]}}