{"id":8699,"date":"2022-05-24T15:55:09","date_gmt":"2022-05-24T15:55:09","guid":{"rendered":"https:\/\/stage.basecampstudent.com\/?page_id=8699"},"modified":"2025-01-21T13:59:12","modified_gmt":"2025-01-21T13:59:12","slug":"information-clause","status":"publish","type":"page","link":"https:\/\/stage.basecampstudent.com\/es\/information-clause\/","title":{"rendered":"Cl\u00e1usula de informaci\u00f3n"},"content":{"rendered":"\n<p><\/p>\n\n\n\n<h2 class=\"wp-block-heading\"><\/h2>\n\n\n\n<section class=\"site-policy\">\n    <div class=\"container\">\n        <div class=\"site-policy__left\">\n            <div class=\"site-policy__headline\">\n                <h1 class=\"site-policy__title\">Cl\u00e1usula de informaci\u00f3n<\/h1>\n                <div class=\"site-policy__date\"><p>INFORMACI\u00d3N B\u00c1SICA SOBRE EL TRATAMIENTO DE DATOS PERSONALES:<\/p><\/div>            <\/div>\n            <div class=\"site-policy__content\">\n\n                <div class=\"site-policy__mobile policy-mobile\">\n                    <div class=\"policy-mobile__wrap\">\n                        <h3 class=\"policy-mobile__title\">1. Responsable del tratamiento de datos personales<\/h3><div class=\"policy-mobile__dropdown\"><ul class=\"policy-mobile__list\"><li class=\"policy-mobile__item\"><a class=\"policy-mobile__link\" href=\"#section-1\"\n                                         data-text=\"1. Responsable del tratamiento de datos personales\"\n                                         data-anchor>Responsable del tratamiento de datos personales<\/a><\/li><li class=\"policy-mobile__item\"><a class=\"policy-mobile__link\" href=\"#section-2\"\n                                         data-text=\"2. Finalidad del tratamiento, base jur\u00eddica\"\n                                         data-anchor>Finalidad del tratamiento, base jur\u00eddica<\/a><\/li><li class=\"policy-mobile__item\"><a class=\"policy-mobile__link\" href=\"#section-3\"\n                                         data-text=\"3. Tiempo de procesamiento\"\n                                         data-anchor>Tiempo de procesamiento<\/a><\/li><li class=\"policy-mobile__item\"><a class=\"policy-mobile__link\" href=\"#section-4\"\n                                         data-text=\"4. Destinatarios de los datos\"\n                                         data-anchor>Destinatarios de los datos<\/a><\/li><li class=\"policy-mobile__item\"><a class=\"policy-mobile__link\" href=\"#section-5\"\n                                         data-text=\"5. Elaboraci\u00f3n de perfiles y tratamiento automatizado de datos\"\n                                         data-anchor>Elaboraci\u00f3n de perfiles y tratamiento automatizado de datos<\/a><\/li><li class=\"policy-mobile__item\"><a class=\"policy-mobile__link\" href=\"#section-6\"\n                                         data-text=\"6. Tratamiento fuera del EEE\"\n                                         data-anchor>Tratamiento fuera del EEE<\/a><\/li><li class=\"policy-mobile__item\"><a class=\"policy-mobile__link\" href=\"#section-7\"\n                                         data-text=\"7. Derechos relacionados con el tratamiento de datos\"\n                                         data-anchor>Derechos relacionados con el tratamiento de datos<\/a><\/li><li class=\"policy-mobile__item\"><a class=\"policy-mobile__link\" href=\"#section-8\"\n                                         data-text=\"8. Reclamaci\u00f3n\"\n                                         data-anchor>Reclamaci\u00f3n<\/a><\/li><li class=\"policy-mobile__item\"><a class=\"policy-mobile__link\" href=\"#section-9\"\n                                         data-text=\"9. Pol\u00edtica de privacidad\"\n                                         data-anchor>Pol\u00edtica de privacidad<\/a><\/li><\/ul><\/div>                    <\/div>\n                <\/div>\n\n                <div id=\"section-1\" class=\"site-policy__item policy-item\"><h3 class=\"policy-item__title\">1. Responsable del tratamiento de datos personales<\/h3><div class=\"policy-item__content\"><p>Basecamp Group Limited con domicilio social en Londres: 33 Broadwick Street, London, W1F 0DQ, UK<\/p>\n<p>BaseCamp Student GmbH con domicilio social en Berl\u00edn: 3. Quergeb\u00e4ude, EG, Brunnenstr. 196, 10119 Berl\u00edn, Alemania<\/p>\n<p>BaseCamp Student Real Estate ApS con domicilio social en Copenhague: Kristen Bernikows Gade 4, 1.DK-1105 Kobenhavn K Dinamarca<\/p>\n<p>ST \u0141\u00f3d\u017a Rewolucji 1905 Sp. z o.o. con domicilio social en Varsovia (c\u00f3digo postal: 02-661), Plaza Ireneusz Gugulski n\u00ba 1, inscrita en el Registro Judicial Nacional con el n\u00famero KRS: 0000559040, NIP: 5213697281, REGON: 361570090<\/p>\n<p>ST \u0141\u00f3d\u017a Rembieli\u0144skiego Sp. z o.o. con domicilio social en Varsovia (c\u00f3digo postal: 02-661), Plaza Ireneusz Gugulski n\u00ba 1, inscrita en el Registro Judicial Nacional con el n\u00famero KRS: 0000663027, NIP: 5213767857, REGON: 366562088<\/p>\n<p>ST Katowice Krasi\u0144skiego sp. z o.o. con domicilio social en Varsovia (c\u00f3digo postal: 02-661), Plaza Ireneusz Gugulski n\u00ba 1, inscrita en el Registro Nacional de Tribunales con el n\u00famero KRS: 0000604188, NIP: 5213724115, REGON: 363808146, depende de la empresa que haya celebrado el contrato de arrendamiento con el arrendatario.<\/p>\n<\/div><\/div><div id=\"section-2\" class=\"site-policy__item policy-item\"><h3 class=\"policy-item__title\">2. Finalidad del tratamiento, base jur\u00eddica<\/h3><div class=\"policy-item__content\"><ol>\n<li>celebraci\u00f3n y ejecuci\u00f3n de un contrato que vincule a las Partes\u00bb\u00bb (art. 6.1.b) del RGPD);<\/li>\n<li>cumplimiento de la obligaci\u00f3n legal que incumbe al Administrador de cumplir con la obligaci\u00f3n de liquidaciones financieras, incluidas las liquidaciones de impuestos (art. 6 it. (1) (c) del GDPR);<\/li>\n<li>\u00a0intereses leg\u00edtimos del Administrador, es decir, la realizaci\u00f3n de liquidaciones, la posible notificaci\u00f3n del contrato o contratista a las autoridades fiscales o a la Instituci\u00f3n de Seguridad Social, la comercializaci\u00f3n de productos, servicios u obras, la realizaci\u00f3n de posibles procedimientos judiciales y administrativos (art. 6 it. 1 (f) del GDPR)\u00bb<\/li>\n<\/ol>\n<\/div><\/div><div id=\"section-3\" class=\"site-policy__item policy-item\"><h3 class=\"policy-item__title\">3. Tiempo de procesamiento<\/h3><div class=\"policy-item__content\"><p>Per\u00edodo necesario para cumplir los fines descritos en la informaci\u00f3n anterior, es decir, durante la duraci\u00f3n del contrato entre el Administrador y usted o el per\u00edodo de prestaci\u00f3n de servicios, y despu\u00e9s de su expiraci\u00f3n \/ terminaci\u00f3n de los servicios durante el per\u00edodo requerido por la ley o necesario para aplicar los intereses leg\u00edtimos del Administrador.<\/p>\n<\/div><\/div><div id=\"section-4\" class=\"site-policy__item policy-item\"><h3 class=\"policy-item__title\">4. Destinatarios de los datos<\/h3><div class=\"policy-item__content\"><p>Proveedores de servicios inform\u00e1ticos, jur\u00eddicos y contables que act\u00faen por cuenta del Administrador, as\u00ed como los empleados y colaboradores del Administrador.<\/p>\n<\/div><\/div><div id=\"section-5\" class=\"site-policy__item policy-item\"><h3 class=\"policy-item__title\">5. Elaboraci\u00f3n de perfiles y tratamiento automatizado de datos<\/h3><div class=\"policy-item__content\"><p>El Administrador no elaborar\u00e1 perfiles de datos ni tomar\u00e1 decisiones automatizadas.<\/p>\n<\/div><\/div><div id=\"section-6\" class=\"site-policy__item policy-item\"><h3 class=\"policy-item__title\">6. Tratamiento fuera del EEE<\/h3><div class=\"policy-item__content\"><p>El Administrador no procesar\u00e1 datos fuera del EEE.<\/p>\n<\/div><\/div><div id=\"section-7\" class=\"site-policy__item policy-item\"><h3 class=\"policy-item__title\">7. Derechos relacionados con el tratamiento de datos<\/h3><div class=\"policy-item__content\"><p>Derecho a actualizar los datos obsoletos o incorrectos; Derecho a rectificar los datos si resulta que los datos procesados son incorrectos; Derecho de acceso a sus datos, incluida la obtenci\u00f3n de una copia de los mismos y de informaci\u00f3n sobre el procesamiento; Derecho a exigir la eliminaci\u00f3n de los datos personales (\u00abderecho al olvido\u00bb), en los casos especificados por las disposiciones del GDPR; Derecho a exigir la restricci\u00f3n del procesamiento de datos; Derecho a transferir los datos que ha proporcionado al Administrador; Derecho a presentar una queja ante la autoridad de supervisi\u00f3n competente.<\/p>\n<\/div><\/div><div id=\"section-8\" class=\"site-policy__item policy-item\"><h3 class=\"policy-item__title\">8. Reclamaci\u00f3n<\/h3><div class=\"policy-item__content\"><p>\u00abUsted tiene derecho a reclamar por la actuaci\u00f3n del Responsable del Tratamiento ante la Autoridad de Protecci\u00f3n de Datos competente del lugar de su estancia con nosotros:<\/p>\n<ul>\n<li><strong>Reino Unido<\/strong>\u00a0\u2013\u00a0<a href=\"https:\/\/ico.org.uk\/\">Information Commissioners Office<\/a><\/li>\n<li><strong>Rep\u00fablica Federal de Alemania<\/strong>\u00a0\u2013 Berlin \u2013\u00a0<a href=\"https:\/\/www.datenschutz-berlin.de\/\">\u00a0Berliner Beauftragte f\u00fcr Datenschutz und Informationsfreiheit<\/a>\u200b (please note that each state may have its own separate authority)<\/li>\n<li><strong>Polonia \u2013<\/strong>\u00a0<a href=\"https:\/\/uodo.gov.pl\/\">Urz\u0105d Ochrony Danych Osobowych<\/a><\/li>\n<li><strong>Dinamarca<\/strong>\u00a0\u2013\u00a0<a href=\"https:\/\/www.datatilsynet.no\/\">Datatilsynet<\/a>\u200b<\/li>\n<li><strong>Suecia <\/strong>\u2013\u00a0<a href=\"https:\/\/www.imy.se\/\">Integritetsskyddsmyndigheten<\/a><\/li>\n<\/ul>\n<\/div><\/div><div id=\"section-9\" class=\"site-policy__item policy-item\"><h3 class=\"policy-item__title\">9. Pol\u00edtica de privacidad<\/h3><div class=\"policy-item__content\"><p>El Arrendatario confirma que ha obtenido informaci\u00f3n de que la versi\u00f3n actual de la Pol\u00edtica de Privacidad del Grupo Basecamp est\u00e1 disponible en el sitio web haciendo clic en el enlace que aparece al final de esta p\u00e1gina.<\/p>\n<\/div><\/div>            <\/div>\n        <\/div>\n        <div class=\"site-policy__right policy-links\" style=\"\">\n            <h2 class=\"policy-links__title\">Quick Links<\/h2><ol class=\"policy-links__list\"><li class=\"policy-links__item\"><a class=\"policy-links__link\" href=\"#section-1\" data-anchor>Responsable del tratamiento de datos personales<\/a><\/li><li class=\"policy-links__item\"><a class=\"policy-links__link\" href=\"#section-2\" data-anchor>Finalidad del tratamiento, base jur\u00eddica<\/a><\/li><li class=\"policy-links__item\"><a class=\"policy-links__link\" href=\"#section-3\" data-anchor>Tiempo de procesamiento<\/a><\/li><li class=\"policy-links__item\"><a class=\"policy-links__link\" href=\"#section-4\" data-anchor>Destinatarios de los datos<\/a><\/li><li class=\"policy-links__item\"><a class=\"policy-links__link\" href=\"#section-5\" data-anchor>Elaboraci\u00f3n de perfiles y tratamiento automatizado de datos<\/a><\/li><li class=\"policy-links__item\"><a class=\"policy-links__link\" href=\"#section-6\" data-anchor>Tratamiento fuera del EEE<\/a><\/li><li class=\"policy-links__item\"><a class=\"policy-links__link\" href=\"#section-7\" data-anchor>Derechos relacionados con el tratamiento de datos<\/a><\/li><li class=\"policy-links__item\"><a class=\"policy-links__link\" href=\"#section-8\" data-anchor>Reclamaci\u00f3n<\/a><\/li><li class=\"policy-links__item\"><a class=\"policy-links__link\" href=\"#section-9\" data-anchor>Pol\u00edtica de privacidad<\/a><\/li><\/ol>        <\/div>\n    <\/div>\n<\/section>","protected":false},"excerpt":{"rendered":"","protected":false},"author":7,"featured_media":0,"parent":0,"menu_order":0,"comment_status":"closed","ping_status":"closed","template":"","meta":{"_acf_changed":false,"inline_featured_image":false,"footnotes":""},"class_list":["post-8699","page","type-page","status-publish","hentry"],"acf":[],"yoast_head":"<!-- This site is optimized with the Yoast SEO plugin v27.3 - https:\/\/yoast.com\/product\/yoast-seo-wordpress\/ -->\n<title>Cl\u00e1usula de informaci\u00f3n | Basecamp by Xior<\/title>\n<meta name=\"description\" content=\"Descubra c\u00f3mo procesamos sus datos personales. La transparencia y la seguridad son nuestras prioridades.\" \/>\n<meta name=\"robots\" content=\"noindex, follow, max-snippet:-1, max-image-preview:large, max-video-preview:-1\" \/>\n<meta property=\"og:locale\" content=\"es_ES\" \/>\n<meta property=\"og:type\" content=\"article\" \/>\n<meta property=\"og:title\" content=\"Cl\u00e1usula de informaci\u00f3n | Basecamp by Xior\" \/>\n<meta property=\"og:description\" content=\"Descubra c\u00f3mo procesamos sus datos personales. La transparencia y la seguridad son nuestras prioridades.\" \/>\n<meta property=\"og:url\" content=\"https:\/\/stage.basecampstudent.com\/es\/information-clause\/\" \/>\n<meta property=\"og:site_name\" content=\"Basecamp\" \/>\n<meta property=\"article:modified_time\" content=\"2025-01-21T13:59:12+00:00\" \/>\n<meta name=\"twitter:card\" content=\"summary_large_image\" \/>\n<script type=\"application\/ld+json\" class=\"yoast-schema-graph\">{\"@context\":\"https:\\\/\\\/schema.org\",\"@graph\":[{\"@type\":\"WebPage\",\"@id\":\"https:\\\/\\\/stage.basecampstudent.com\\\/es\\\/information-clause\\\/\",\"url\":\"https:\\\/\\\/stage.basecampstudent.com\\\/es\\\/information-clause\\\/\",\"name\":\"Cl\u00e1usula de informaci\u00f3n | Basecamp by Xior\",\"isPartOf\":{\"@id\":\"https:\\\/\\\/stage.basecampstudent.com\\\/#website\"},\"datePublished\":\"2022-05-24T15:55:09+00:00\",\"dateModified\":\"2025-01-21T13:59:12+00:00\",\"description\":\"Descubra c\u00f3mo procesamos sus datos personales. La transparencia y la seguridad son nuestras prioridades.\",\"breadcrumb\":{\"@id\":\"https:\\\/\\\/stage.basecampstudent.com\\\/es\\\/information-clause\\\/#breadcrumb\"},\"inLanguage\":\"es\",\"potentialAction\":[{\"@type\":\"ReadAction\",\"target\":[\"https:\\\/\\\/stage.basecampstudent.com\\\/es\\\/information-clause\\\/\"]}]},{\"@type\":\"BreadcrumbList\",\"@id\":\"https:\\\/\\\/stage.basecampstudent.com\\\/es\\\/information-clause\\\/#breadcrumb\",\"itemListElement\":[{\"@type\":\"ListItem\",\"position\":1,\"name\":\"Home\",\"item\":\"https:\\\/\\\/stage.basecampstudent.com\\\/es\\\/\"},{\"@type\":\"ListItem\",\"position\":2,\"name\":\"Cl\u00e1usula de informaci\u00f3n\"}]},{\"@type\":\"WebSite\",\"@id\":\"https:\\\/\\\/stage.basecampstudent.com\\\/#website\",\"url\":\"https:\\\/\\\/stage.basecampstudent.com\\\/\",\"name\":\"Basecamp\",\"description\":\"Living spaces for dreamers, thinkers and go-getters.\",\"publisher\":{\"@id\":\"https:\\\/\\\/stage.basecampstudent.com\\\/#organization\"},\"potentialAction\":[{\"@type\":\"SearchAction\",\"target\":{\"@type\":\"EntryPoint\",\"urlTemplate\":\"https:\\\/\\\/stage.basecampstudent.com\\\/?s={search_term_string}\"},\"query-input\":{\"@type\":\"PropertyValueSpecification\",\"valueRequired\":true,\"valueName\":\"search_term_string\"}}],\"inLanguage\":\"es\"},{\"@type\":\"Organization\",\"@id\":\"https:\\\/\\\/stage.basecampstudent.com\\\/#organization\",\"name\":\"Basecamp\",\"url\":\"https:\\\/\\\/stage.basecampstudent.com\\\/\",\"logo\":{\"@type\":\"ImageObject\",\"inLanguage\":\"es\",\"@id\":\"https:\\\/\\\/stage.basecampstudent.com\\\/#\\\/schema\\\/logo\\\/image\\\/\",\"url\":\"https:\\\/\\\/stage.basecampstudent.com\\\/wp-content\\\/uploads\\\/2022\\\/02\\\/logo.svg\",\"contentUrl\":\"https:\\\/\\\/stage.basecampstudent.com\\\/wp-content\\\/uploads\\\/2022\\\/02\\\/logo.svg\",\"width\":276,\"height\":40,\"caption\":\"Basecamp\"},\"image\":{\"@id\":\"https:\\\/\\\/stage.basecampstudent.com\\\/#\\\/schema\\\/logo\\\/image\\\/\"}}]}<\/script>\n<!-- \/ Yoast SEO plugin. -->","yoast_head_json":{"title":"Cl\u00e1usula de informaci\u00f3n | Basecamp by Xior","description":"Descubra c\u00f3mo procesamos sus datos personales. La transparencia y la seguridad son nuestras prioridades.","robots":{"index":"noindex","follow":"follow","max-snippet":"max-snippet:-1","max-image-preview":"max-image-preview:large","max-video-preview":"max-video-preview:-1"},"og_locale":"es_ES","og_type":"article","og_title":"Cl\u00e1usula de informaci\u00f3n | Basecamp by Xior","og_description":"Descubra c\u00f3mo procesamos sus datos personales. La transparencia y la seguridad son nuestras prioridades.","og_url":"https:\/\/stage.basecampstudent.com\/es\/information-clause\/","og_site_name":"Basecamp","article_modified_time":"2025-01-21T13:59:12+00:00","twitter_card":"summary_large_image","schema":{"@context":"https:\/\/schema.org","@graph":[{"@type":"WebPage","@id":"https:\/\/stage.basecampstudent.com\/es\/information-clause\/","url":"https:\/\/stage.basecampstudent.com\/es\/information-clause\/","name":"Cl\u00e1usula de informaci\u00f3n | Basecamp by Xior","isPartOf":{"@id":"https:\/\/stage.basecampstudent.com\/#website"},"datePublished":"2022-05-24T15:55:09+00:00","dateModified":"2025-01-21T13:59:12+00:00","description":"Descubra c\u00f3mo procesamos sus datos personales. La transparencia y la seguridad son nuestras prioridades.","breadcrumb":{"@id":"https:\/\/stage.basecampstudent.com\/es\/information-clause\/#breadcrumb"},"inLanguage":"es","potentialAction":[{"@type":"ReadAction","target":["https:\/\/stage.basecampstudent.com\/es\/information-clause\/"]}]},{"@type":"BreadcrumbList","@id":"https:\/\/stage.basecampstudent.com\/es\/information-clause\/#breadcrumb","itemListElement":[{"@type":"ListItem","position":1,"name":"Home","item":"https:\/\/stage.basecampstudent.com\/es\/"},{"@type":"ListItem","position":2,"name":"Cl\u00e1usula de informaci\u00f3n"}]},{"@type":"WebSite","@id":"https:\/\/stage.basecampstudent.com\/#website","url":"https:\/\/stage.basecampstudent.com\/","name":"Basecamp","description":"Living spaces for dreamers, thinkers and go-getters.","publisher":{"@id":"https:\/\/stage.basecampstudent.com\/#organization"},"potentialAction":[{"@type":"SearchAction","target":{"@type":"EntryPoint","urlTemplate":"https:\/\/stage.basecampstudent.com\/?s={search_term_string}"},"query-input":{"@type":"PropertyValueSpecification","valueRequired":true,"valueName":"search_term_string"}}],"inLanguage":"es"},{"@type":"Organization","@id":"https:\/\/stage.basecampstudent.com\/#organization","name":"Basecamp","url":"https:\/\/stage.basecampstudent.com\/","logo":{"@type":"ImageObject","inLanguage":"es","@id":"https:\/\/stage.basecampstudent.com\/#\/schema\/logo\/image\/","url":"https:\/\/stage.basecampstudent.com\/wp-content\/uploads\/2022\/02\/logo.svg","contentUrl":"https:\/\/stage.basecampstudent.com\/wp-content\/uploads\/2022\/02\/logo.svg","width":276,"height":40,"caption":"Basecamp"},"image":{"@id":"https:\/\/stage.basecampstudent.com\/#\/schema\/logo\/image\/"}}]}},"_links":{"self":[{"href":"https:\/\/stage.basecampstudent.com\/es\/wp-json\/wp\/v2\/pages\/8699","targetHints":{"allow":["GET"]}}],"collection":[{"href":"https:\/\/stage.basecampstudent.com\/es\/wp-json\/wp\/v2\/pages"}],"about":[{"href":"https:\/\/stage.basecampstudent.com\/es\/wp-json\/wp\/v2\/types\/page"}],"author":[{"embeddable":true,"href":"https:\/\/stage.basecampstudent.com\/es\/wp-json\/wp\/v2\/users\/7"}],"replies":[{"embeddable":true,"href":"https:\/\/stage.basecampstudent.com\/es\/wp-json\/wp\/v2\/comments?post=8699"}],"version-history":[{"count":1,"href":"https:\/\/stage.basecampstudent.com\/es\/wp-json\/wp\/v2\/pages\/8699\/revisions"}],"predecessor-version":[{"id":29419,"href":"https:\/\/stage.basecampstudent.com\/es\/wp-json\/wp\/v2\/pages\/8699\/revisions\/29419"}],"wp:attachment":[{"href":"https:\/\/stage.basecampstudent.com\/es\/wp-json\/wp\/v2\/media?parent=8699"}],"curies":[{"name":"wp","href":"https:\/\/api.w.org\/{rel}","templated":true}]}}