{"id":7380,"date":"2022-04-27T15:35:59","date_gmt":"2022-04-27T15:35:59","guid":{"rendered":"https:\/\/stage.basecampstudent.com\/help\/"},"modified":"2025-01-20T17:16:56","modified_gmt":"2025-01-20T17:16:56","slug":"help","status":"publish","type":"page","link":"https:\/\/stage.basecampstudent.com\/es\/help\/","title":{"rendered":"Ayuda"},"content":{"rendered":"    <section class=\"help-center\">\n        <div class=\"container\">\n            <h1 class=\"help-center__title\">Centro de Ayuda<\/h1>            <div class=\"help-center__questions\">\n                <div class=\"help-center__filter\">\n                    <ul class=\"help-center__list\">\n                                            <\/ul>\n                <\/div>\n                <div class=\"help-center__results\">\n                    <div class=\"help-center__result tag-result active\" data-result=\"319\"><div class=\"tag-result__category\"><h4 class=\"tag-result__category-heading\">Reservas <span class=\"tag-result__category-circle\"><\/span><\/h4><ul class=\"tag-result__category-questions\"><li class=\"tag-result__category-questions-item\"><a class=\"tag-result__category-questions-link\" href=\"https:\/\/stage.basecampstudent.com\/es\/help\/?tag=319&#038;cat=318&#038;question=33795\">\u00bfQu\u00e9 incluye mi consumo?<\/a><\/li><li class=\"tag-result__category-questions-item\"><a class=\"tag-result__category-questions-link\" href=\"https:\/\/stage.basecampstudent.com\/es\/help\/?tag=319&#038;cat=318&#038;question=29427\">\u00bfQu\u00e9 incluye el precio de la habitaci\u00f3n?<\/a><\/li><li class=\"tag-result__category-questions-item\"><a class=\"tag-result__category-questions-link\" href=\"https:\/\/stage.basecampstudent.com\/es\/help\/?tag=319&#038;cat=318&#038;question=29445\">\u00bfQu\u00e9 no est\u00e1 incluido en el precio de la habitaci\u00f3n?<\/a><\/li><li class=\"tag-result__category-questions-item\"><a class=\"tag-result__category-questions-link\" href=\"https:\/\/stage.basecampstudent.com\/es\/help\/?tag=319&#038;cat=318&#038;question=29446\">\u00bfHay que pagar una fianza? \u00bfMe lo devuelven cuando me vaya?<\/a><\/li><li class=\"tag-result__category-questions-item\"><a class=\"tag-result__category-questions-link\" href=\"https:\/\/stage.basecampstudent.com\/es\/help\/?tag=319&#038;cat=318&#038;question=29448\">\u00bfCu\u00e1nto tiempo despu\u00e9s del proceso de arrendamiento recibir\u00e9 informaci\u00f3n sobre el check in?<\/a><\/li><li class=\"tag-result__category-questions-item\"><a class=\"tag-result__category-questions-link\" href=\"https:\/\/stage.basecampstudent.com\/es\/help\/?tag=319&#038;cat=318&#038;question=29449\">\u00bfPuedo elegir mi habitaci\u00f3n en el edificio?<\/a><\/li><li class=\"tag-result__category-questions-item\"><a class=\"tag-result__category-questions-link\" href=\"https:\/\/stage.basecampstudent.com\/es\/help\/?tag=319&#038;cat=318&#038;question=29450\">\u00bfEs posible visitar la habitaci\u00f3n y hacer un recorrido por las instalaciones antes de firmar el contrato?<\/a><\/li><li class=\"tag-result__category-questions-item\"><a class=\"tag-result__category-questions-link\" href=\"https:\/\/stage.basecampstudent.com\/es\/help\/?tag=319&#038;cat=318&#038;question=29452\">\u00bfCu\u00e1l es la pol\u00edtica de cancelaci\u00f3n?<\/a><\/li><li class=\"tag-result__category-questions-item\"><a class=\"tag-result__category-questions-link\" href=\"https:\/\/stage.basecampstudent.com\/es\/help\/?tag=319&#038;cat=318&#038;question=29453\">\u00bfQui\u00e9n puede vivir en Basecamp?<\/a><\/li><li class=\"tag-result__category-questions-item\"><a class=\"tag-result__category-questions-link\" href=\"https:\/\/stage.basecampstudent.com\/es\/help\/?tag=319&#038;cat=318&#038;question=29454\">\u00bfC\u00f3mo puedo reservar una habitaci\u00f3n?<\/a><\/li><li class=\"tag-result__category-questions-item\"><a class=\"tag-result__category-questions-link\" href=\"https:\/\/stage.basecampstudent.com\/es\/help\/?tag=319&#038;cat=318&#038;question=29455\">\u00bfC\u00f3mo puedo pagar?<\/a><\/li><li class=\"tag-result__category-questions-item\"><a class=\"tag-result__category-questions-link\" href=\"https:\/\/stage.basecampstudent.com\/es\/help\/?tag=319&#038;cat=318&#038;question=29456\">\u00bfQu\u00e9 documentos necesito?<\/a><\/li><\/ul><\/div><div class=\"tag-result__category\"><h4 class=\"tag-result__category-heading\">Mudanza <span class=\"tag-result__category-circle\"><\/span><\/h4><ul class=\"tag-result__category-questions\"><li class=\"tag-result__category-questions-item\"><a class=\"tag-result__category-questions-link\" href=\"https:\/\/stage.basecampstudent.com\/es\/help\/?tag=319&#038;cat=320&#038;question=29457\">\u00bfCu\u00e1ndo puedo mudarme a Basecamp?<\/a><\/li><li class=\"tag-result__category-questions-item\"><a class=\"tag-result__category-questions-link\" href=\"https:\/\/stage.basecampstudent.com\/es\/help\/?tag=319&#038;cat=320&#038;question=29458\">\u00bfPuedo traer mis propios muebles?<\/a><\/li><li class=\"tag-result__category-questions-item\"><a class=\"tag-result__category-questions-link\" href=\"https:\/\/stage.basecampstudent.com\/es\/help\/?tag=319&#038;cat=320&#038;question=29459\">\u00bfEs posible intercambiar o simplemente mudarse a otro apartamento despu\u00e9s de mudarse?<\/a><\/li><li class=\"tag-result__category-questions-item\"><a class=\"tag-result__category-questions-link\" href=\"https:\/\/stage.basecampstudent.com\/es\/help\/?tag=319&#038;cat=320&#038;question=29460\">\u00bfQu\u00e9 tengo que traer?<\/a><\/li><\/ul><\/div><div class=\"tag-result__category\"><h4 class=\"tag-result__category-heading\">Convivencia <span class=\"tag-result__category-circle\"><\/span><\/h4><ul class=\"tag-result__category-questions\"><li class=\"tag-result__category-questions-item\"><a class=\"tag-result__category-questions-link\" href=\"https:\/\/stage.basecampstudent.com\/es\/help\/?tag=319&#038;cat=322&#038;question=29461\">\u00bfQu\u00e9 pasa con el ruido?<\/a><\/li><li class=\"tag-result__category-questions-item\"><a class=\"tag-result__category-questions-link\" href=\"https:\/\/stage.basecampstudent.com\/es\/help\/?tag=319&#038;cat=322&#038;question=29463\">\u00bfPuedo fumar en el interior?<\/a><\/li><li class=\"tag-result__category-questions-item\"><a class=\"tag-result__category-questions-link\" href=\"https:\/\/stage.basecampstudent.com\/es\/help\/?tag=319&#038;cat=322&#038;question=29464\">Soy nuevo en la ciudad y vivo fuera de casa. \u00bfQu\u00e9 puedo esperar?<\/a><\/li><li class=\"tag-result__category-questions-item\"><a class=\"tag-result__category-questions-link\" href=\"https:\/\/stage.basecampstudent.com\/es\/help\/?tag=319&#038;cat=322&#038;question=29465\">\u00bfQu\u00e9 hago si tengo alg\u00fan problema en Basecamp?<\/a><\/li><li class=\"tag-result__category-questions-item\"><a class=\"tag-result__category-questions-link\" href=\"https:\/\/stage.basecampstudent.com\/es\/help\/?tag=319&#038;cat=322&#038;question=29466\">Me voy de vacaciones\/vuelvo a casa por un tiempo. \u00bfPuedo subarrendar mi apartamento?<\/a><\/li><li class=\"tag-result__category-questions-item\"><a class=\"tag-result__category-questions-link\" href=\"https:\/\/stage.basecampstudent.com\/es\/help\/?tag=319&#038;cat=322&#038;question=29467\">\u00bfPuedo tener invitados?<\/a><\/li><\/ul><\/div><div class=\"tag-result__category\"><h4 class=\"tag-result__category-heading\">Mudanza &#8211; Saliendo de Basecamp <span class=\"tag-result__category-circle\"><\/span><\/h4><ul class=\"tag-result__category-questions\"><li class=\"tag-result__category-questions-item\"><a class=\"tag-result__category-questions-link\" href=\"https:\/\/stage.basecampstudent.com\/es\/help\/?tag=319&#038;cat=323&#038;question=29470\">\u00bfExiste alguna penalizaci\u00f3n por mudarse antes de que finalice el contrato?<\/a><\/li><li class=\"tag-result__category-questions-item\"><a class=\"tag-result__category-questions-link\" href=\"https:\/\/stage.basecampstudent.com\/es\/help\/?tag=319&#038;cat=323&#038;question=29471\">\u00bfCu\u00e1l es el proceso para mudarse?<\/a><\/li><\/ul><\/div><\/div>                <\/div>\n            <\/div>\n        <\/div>\n    <\/section>\n\n\n\n<section class=\"builder-section get-started\" data-bgcolor=\"#ffffff\">\n    <div class=\"get-started__background\">\n        <picture>\n            <source media=\"(max-width: 900px)\" srcset=\"https:\/\/stage.basecampstudent.com\/wp-content\/uploads\/2022\/04\/IMG_1045.png\"><img data-src=\"https:\/\/stage.basecampstudent.com\/wp-content\/uploads\/2022\/04\/IMG_1045-1.png\" alt=\"\">        <\/picture>\n    <\/div>\n    <div class=\"get-started__content\">\n        <h2 class=\"get-started__title\">Need something else? Contact us.<\/h2><div class=\"get-started__btn\"><a class=\"get-started__link btn-red-arrow\" href=\"https:\/\/stage.basecampstudent.com\/contact\/\">\n                        <span>Get in touch<\/span>\n                      <\/a><\/div>    <\/div>\n<\/section>\n","protected":false},"excerpt":{"rendered":"","protected":false},"author":7,"featured_media":0,"parent":0,"menu_order":0,"comment_status":"closed","ping_status":"closed","template":"","meta":{"_acf_changed":false,"inline_featured_image":false,"footnotes":""},"class_list":["post-7380","page","type-page","status-publish","hentry"],"acf":[],"yoast_head":"<!-- This site is optimized with the Yoast SEO plugin v27.3 - https:\/\/yoast.com\/product\/yoast-seo-wordpress\/ -->\n<title>Help centre | Basecamp by Xior<\/title>\n<meta name=\"description\" content=\"Search our help section for answers on anything from how to book to choosing rooms, moving out and our latest coronavirus FAQs.\" \/>\n<meta name=\"robots\" content=\"noindex, follow, max-snippet:-1, max-image-preview:large, max-video-preview:-1\" \/>\n<meta property=\"og:locale\" content=\"es_ES\" \/>\n<meta property=\"og:type\" content=\"article\" \/>\n<meta property=\"og:title\" content=\"Help centre | Basecamp by Xior\" \/>\n<meta property=\"og:description\" content=\"Search our help section for answers on anything from how to book to choosing rooms, moving out and our latest coronavirus FAQs.\" \/>\n<meta property=\"og:url\" content=\"https:\/\/stage.basecampstudent.com\/es\/help\/\" \/>\n<meta property=\"og:site_name\" content=\"Basecamp\" \/>\n<meta property=\"article:modified_time\" content=\"2025-01-20T17:16:56+00:00\" \/>\n<meta name=\"twitter:card\" content=\"summary_large_image\" \/>\n<script type=\"application\/ld+json\" class=\"yoast-schema-graph\">{\"@context\":\"https:\\\/\\\/schema.org\",\"@graph\":[{\"@type\":\"WebPage\",\"@id\":\"https:\\\/\\\/stage.basecampstudent.com\\\/es\\\/help\\\/\",\"url\":\"https:\\\/\\\/stage.basecampstudent.com\\\/es\\\/help\\\/\",\"name\":\"Help centre | Basecamp by Xior\",\"isPartOf\":{\"@id\":\"https:\\\/\\\/stage.basecampstudent.com\\\/#website\"},\"datePublished\":\"2022-04-27T15:35:59+00:00\",\"dateModified\":\"2025-01-20T17:16:56+00:00\",\"description\":\"Search our help section for answers on anything from how to book to choosing rooms, moving out and our latest coronavirus FAQs.\",\"breadcrumb\":{\"@id\":\"https:\\\/\\\/stage.basecampstudent.com\\\/es\\\/help\\\/#breadcrumb\"},\"inLanguage\":\"es\",\"potentialAction\":[{\"@type\":\"ReadAction\",\"target\":[\"https:\\\/\\\/stage.basecampstudent.com\\\/es\\\/help\\\/\"]}]},{\"@type\":\"BreadcrumbList\",\"@id\":\"https:\\\/\\\/stage.basecampstudent.com\\\/es\\\/help\\\/#breadcrumb\",\"itemListElement\":[{\"@type\":\"ListItem\",\"position\":1,\"name\":\"Home\",\"item\":\"https:\\\/\\\/stage.basecampstudent.com\\\/es\\\/\"},{\"@type\":\"ListItem\",\"position\":2,\"name\":\"Ayuda\"}]},{\"@type\":\"WebSite\",\"@id\":\"https:\\\/\\\/stage.basecampstudent.com\\\/#website\",\"url\":\"https:\\\/\\\/stage.basecampstudent.com\\\/\",\"name\":\"Basecamp\",\"description\":\"Living spaces for dreamers, thinkers and go-getters.\",\"publisher\":{\"@id\":\"https:\\\/\\\/stage.basecampstudent.com\\\/#organization\"},\"potentialAction\":[{\"@type\":\"SearchAction\",\"target\":{\"@type\":\"EntryPoint\",\"urlTemplate\":\"https:\\\/\\\/stage.basecampstudent.com\\\/?s={search_term_string}\"},\"query-input\":{\"@type\":\"PropertyValueSpecification\",\"valueRequired\":true,\"valueName\":\"search_term_string\"}}],\"inLanguage\":\"es\"},{\"@type\":\"Organization\",\"@id\":\"https:\\\/\\\/stage.basecampstudent.com\\\/#organization\",\"name\":\"Basecamp\",\"url\":\"https:\\\/\\\/stage.basecampstudent.com\\\/\",\"logo\":{\"@type\":\"ImageObject\",\"inLanguage\":\"es\",\"@id\":\"https:\\\/\\\/stage.basecampstudent.com\\\/#\\\/schema\\\/logo\\\/image\\\/\",\"url\":\"https:\\\/\\\/stage.basecampstudent.com\\\/wp-content\\\/uploads\\\/2022\\\/02\\\/logo.svg\",\"contentUrl\":\"https:\\\/\\\/stage.basecampstudent.com\\\/wp-content\\\/uploads\\\/2022\\\/02\\\/logo.svg\",\"width\":276,\"height\":40,\"caption\":\"Basecamp\"},\"image\":{\"@id\":\"https:\\\/\\\/stage.basecampstudent.com\\\/#\\\/schema\\\/logo\\\/image\\\/\"}}]}<\/script>\n<!-- \/ Yoast SEO plugin. -->","yoast_head_json":{"title":"Help centre | Basecamp by Xior","description":"Search our help section for answers on anything from how to book to choosing rooms, moving out and our latest coronavirus FAQs.","robots":{"index":"noindex","follow":"follow","max-snippet":"max-snippet:-1","max-image-preview":"max-image-preview:large","max-video-preview":"max-video-preview:-1"},"og_locale":"es_ES","og_type":"article","og_title":"Help centre | Basecamp by Xior","og_description":"Search our help section for answers on anything from how to book to choosing rooms, moving out and our latest coronavirus FAQs.","og_url":"https:\/\/stage.basecampstudent.com\/es\/help\/","og_site_name":"Basecamp","article_modified_time":"2025-01-20T17:16:56+00:00","twitter_card":"summary_large_image","schema":{"@context":"https:\/\/schema.org","@graph":[{"@type":"WebPage","@id":"https:\/\/stage.basecampstudent.com\/es\/help\/","url":"https:\/\/stage.basecampstudent.com\/es\/help\/","name":"Help centre | Basecamp by Xior","isPartOf":{"@id":"https:\/\/stage.basecampstudent.com\/#website"},"datePublished":"2022-04-27T15:35:59+00:00","dateModified":"2025-01-20T17:16:56+00:00","description":"Search our help section for answers on anything from how to book to choosing rooms, moving out and our latest coronavirus FAQs.","breadcrumb":{"@id":"https:\/\/stage.basecampstudent.com\/es\/help\/#breadcrumb"},"inLanguage":"es","potentialAction":[{"@type":"ReadAction","target":["https:\/\/stage.basecampstudent.com\/es\/help\/"]}]},{"@type":"BreadcrumbList","@id":"https:\/\/stage.basecampstudent.com\/es\/help\/#breadcrumb","itemListElement":[{"@type":"ListItem","position":1,"name":"Home","item":"https:\/\/stage.basecampstudent.com\/es\/"},{"@type":"ListItem","position":2,"name":"Ayuda"}]},{"@type":"WebSite","@id":"https:\/\/stage.basecampstudent.com\/#website","url":"https:\/\/stage.basecampstudent.com\/","name":"Basecamp","description":"Living spaces for dreamers, thinkers and go-getters.","publisher":{"@id":"https:\/\/stage.basecampstudent.com\/#organization"},"potentialAction":[{"@type":"SearchAction","target":{"@type":"EntryPoint","urlTemplate":"https:\/\/stage.basecampstudent.com\/?s={search_term_string}"},"query-input":{"@type":"PropertyValueSpecification","valueRequired":true,"valueName":"search_term_string"}}],"inLanguage":"es"},{"@type":"Organization","@id":"https:\/\/stage.basecampstudent.com\/#organization","name":"Basecamp","url":"https:\/\/stage.basecampstudent.com\/","logo":{"@type":"ImageObject","inLanguage":"es","@id":"https:\/\/stage.basecampstudent.com\/#\/schema\/logo\/image\/","url":"https:\/\/stage.basecampstudent.com\/wp-content\/uploads\/2022\/02\/logo.svg","contentUrl":"https:\/\/stage.basecampstudent.com\/wp-content\/uploads\/2022\/02\/logo.svg","width":276,"height":40,"caption":"Basecamp"},"image":{"@id":"https:\/\/stage.basecampstudent.com\/#\/schema\/logo\/image\/"}}]}},"_links":{"self":[{"href":"https:\/\/stage.basecampstudent.com\/es\/wp-json\/wp\/v2\/pages\/7380","targetHints":{"allow":["GET"]}}],"collection":[{"href":"https:\/\/stage.basecampstudent.com\/es\/wp-json\/wp\/v2\/pages"}],"about":[{"href":"https:\/\/stage.basecampstudent.com\/es\/wp-json\/wp\/v2\/types\/page"}],"author":[{"embeddable":true,"href":"https:\/\/stage.basecampstudent.com\/es\/wp-json\/wp\/v2\/users\/7"}],"replies":[{"embeddable":true,"href":"https:\/\/stage.basecampstudent.com\/es\/wp-json\/wp\/v2\/comments?post=7380"}],"version-history":[{"count":7,"href":"https:\/\/stage.basecampstudent.com\/es\/wp-json\/wp\/v2\/pages\/7380\/revisions"}],"predecessor-version":[{"id":30115,"href":"https:\/\/stage.basecampstudent.com\/es\/wp-json\/wp\/v2\/pages\/7380\/revisions\/30115"}],"wp:attachment":[{"href":"https:\/\/stage.basecampstudent.com\/es\/wp-json\/wp\/v2\/media?parent=7380"}],"curies":[{"name":"wp","href":"https:\/\/api.w.org\/{rel}","templated":true}]}}