{"id":13408,"date":"2022-07-11T17:43:58","date_gmt":"2022-07-11T17:43:58","guid":{"rendered":"https:\/\/stage.basecampstudent.com\/careers\/"},"modified":"2025-02-11T11:54:30","modified_gmt":"2025-02-11T11:54:30","slug":"careers","status":"publish","type":"page","link":"https:\/\/stage.basecampstudent.com\/es\/careers\/","title":{"rendered":"Careers"},"content":{"rendered":"\n<section data-component=\"hero-without-form-block\" class=\"hero hero--without-form\" data-bgcolor=\"#ffffff\">\n        <div class=\"container\">\n        <h1 class=\"hero__title\">Trabaja con nosotros<\/h1>        <div class=\"hero__promo promo\">\n            <div class=\"promo__thumbnail\">\n                <img data-src=\"https:\/\/stage.basecampstudent.com\/wp-content\/uploads\/2022\/11\/MicrosoftTeams-image-1.jpeg\" alt=\"People who work at Basecamp\">            <\/div>\n        <\/div>\n    <\/div>\n<\/section>\n\n\n\n<section class=\"simple-section simple-section--default not-overflow \" id=\"simple-section-block\" data-bgcolor=\"#ffffff\">\n    <div class=\"container\">\n        <h2 class=\"dots-title simple-section__title\">\u00daNETE AL EQUIPO<\/h2><div class=\"simple-section__content\"><div class=\"simple-section__description\"><p>Basecamp ha creado una experiencia \u00fanica para sus hu\u00e9spedes gracias a sus espacios inolvidables para so\u00f1adores, pensadores y emprendedores.<\/p>\n<p>&nbsp;<\/p>\n<p>Las personas est\u00e1n en el coraz\u00f3n de todo lo que hacemos. Animamos a nuestro equipo a ser curioso y abierto para garantizar la mejor experiencia posible.<\/p>\n<p>&nbsp;<\/p>\n<p>Basecamp est\u00e1 presente en las principales ciudades universitarias de Dinamarca, Alemania, Polonia y Suecia &#8211; con nuevas ciudades en camino &#8211; y estamos siempre a la caza de nuevos talentos que ayuden a nuestro equipo.<\/p>\n<p>&nbsp;<\/p>\n<p>Si te apasiona lo que haces, nos encantar\u00eda conocerte.<\/p>\n<p>&nbsp;<\/p>\n<p>Env\u00eda tu CV a  careers@xior.eu<\/p>\n<\/div><div class=\"simple-section__btn\"><a class=\"btn-red\" href=\"https:\/\/corporate.xior.be\/en\/careers\/vacancies\">\n                                  <span>Ofertas de empleo<\/span>\n                              <\/a><\/div><\/div>    <\/div>\n<\/section>\n","protected":false},"excerpt":{"rendered":"","protected":false},"author":7,"featured_media":0,"parent":0,"menu_order":0,"comment_status":"closed","ping_status":"closed","template":"","meta":{"_acf_changed":false,"inline_featured_image":false,"footnotes":""},"class_list":["post-13408","page","type-page","status-publish","hentry"],"acf":[],"yoast_head":"<!-- This site is optimized with the Yoast SEO plugin v27.3 - https:\/\/yoast.com\/product\/yoast-seo-wordpress\/ -->\n<title>Careers | Basecamp<\/title>\n<meta name=\"description\" content=\"Basecamp operates in leading university cities across Denmark, Germany and Poland and we are always on the look out for fantastic talent.\" \/>\n<meta name=\"robots\" content=\"noindex, follow, max-snippet:-1, max-image-preview:large, max-video-preview:-1\" \/>\n<meta property=\"og:locale\" content=\"es_ES\" \/>\n<meta property=\"og:type\" content=\"article\" \/>\n<meta property=\"og:title\" content=\"Careers | Basecamp\" \/>\n<meta property=\"og:description\" content=\"Basecamp operates in leading university cities across Denmark, Germany and Poland and we are always on the look out for fantastic talent.\" \/>\n<meta property=\"og:url\" content=\"https:\/\/stage.basecampstudent.com\/es\/careers\/\" \/>\n<meta property=\"og:site_name\" content=\"Basecamp\" \/>\n<meta property=\"article:modified_time\" content=\"2025-02-11T11:54:30+00:00\" \/>\n<meta name=\"twitter:card\" content=\"summary_large_image\" \/>\n<script type=\"application\/ld+json\" class=\"yoast-schema-graph\">{\"@context\":\"https:\\\/\\\/schema.org\",\"@graph\":[{\"@type\":\"WebPage\",\"@id\":\"https:\\\/\\\/stage.basecampstudent.com\\\/es\\\/careers\\\/\",\"url\":\"https:\\\/\\\/stage.basecampstudent.com\\\/es\\\/careers\\\/\",\"name\":\"Careers | Basecamp\",\"isPartOf\":{\"@id\":\"https:\\\/\\\/stage.basecampstudent.com\\\/#website\"},\"datePublished\":\"2022-07-11T17:43:58+00:00\",\"dateModified\":\"2025-02-11T11:54:30+00:00\",\"description\":\"Basecamp operates in leading university cities across Denmark, Germany and Poland and we are always on the look out for fantastic talent.\",\"breadcrumb\":{\"@id\":\"https:\\\/\\\/stage.basecampstudent.com\\\/es\\\/careers\\\/#breadcrumb\"},\"inLanguage\":\"es\",\"potentialAction\":[{\"@type\":\"ReadAction\",\"target\":[\"https:\\\/\\\/stage.basecampstudent.com\\\/es\\\/careers\\\/\"]}]},{\"@type\":\"BreadcrumbList\",\"@id\":\"https:\\\/\\\/stage.basecampstudent.com\\\/es\\\/careers\\\/#breadcrumb\",\"itemListElement\":[{\"@type\":\"ListItem\",\"position\":1,\"name\":\"Home\",\"item\":\"https:\\\/\\\/stage.basecampstudent.com\\\/es\\\/\"},{\"@type\":\"ListItem\",\"position\":2,\"name\":\"Careers\"}]},{\"@type\":\"WebSite\",\"@id\":\"https:\\\/\\\/stage.basecampstudent.com\\\/#website\",\"url\":\"https:\\\/\\\/stage.basecampstudent.com\\\/\",\"name\":\"Basecamp\",\"description\":\"Living spaces for dreamers, thinkers and go-getters.\",\"publisher\":{\"@id\":\"https:\\\/\\\/stage.basecampstudent.com\\\/#organization\"},\"potentialAction\":[{\"@type\":\"SearchAction\",\"target\":{\"@type\":\"EntryPoint\",\"urlTemplate\":\"https:\\\/\\\/stage.basecampstudent.com\\\/?s={search_term_string}\"},\"query-input\":{\"@type\":\"PropertyValueSpecification\",\"valueRequired\":true,\"valueName\":\"search_term_string\"}}],\"inLanguage\":\"es\"},{\"@type\":\"Organization\",\"@id\":\"https:\\\/\\\/stage.basecampstudent.com\\\/#organization\",\"name\":\"Basecamp\",\"url\":\"https:\\\/\\\/stage.basecampstudent.com\\\/\",\"logo\":{\"@type\":\"ImageObject\",\"inLanguage\":\"es\",\"@id\":\"https:\\\/\\\/stage.basecampstudent.com\\\/#\\\/schema\\\/logo\\\/image\\\/\",\"url\":\"https:\\\/\\\/stage.basecampstudent.com\\\/wp-content\\\/uploads\\\/2022\\\/02\\\/logo.svg\",\"contentUrl\":\"https:\\\/\\\/stage.basecampstudent.com\\\/wp-content\\\/uploads\\\/2022\\\/02\\\/logo.svg\",\"width\":276,\"height\":40,\"caption\":\"Basecamp\"},\"image\":{\"@id\":\"https:\\\/\\\/stage.basecampstudent.com\\\/#\\\/schema\\\/logo\\\/image\\\/\"}}]}<\/script>\n<!-- \/ Yoast SEO plugin. -->","yoast_head_json":{"title":"Careers | Basecamp","description":"Basecamp operates in leading university cities across Denmark, Germany and Poland and we are always on the look out for fantastic talent.","robots":{"index":"noindex","follow":"follow","max-snippet":"max-snippet:-1","max-image-preview":"max-image-preview:large","max-video-preview":"max-video-preview:-1"},"og_locale":"es_ES","og_type":"article","og_title":"Careers | Basecamp","og_description":"Basecamp operates in leading university cities across Denmark, Germany and Poland and we are always on the look out for fantastic talent.","og_url":"https:\/\/stage.basecampstudent.com\/es\/careers\/","og_site_name":"Basecamp","article_modified_time":"2025-02-11T11:54:30+00:00","twitter_card":"summary_large_image","schema":{"@context":"https:\/\/schema.org","@graph":[{"@type":"WebPage","@id":"https:\/\/stage.basecampstudent.com\/es\/careers\/","url":"https:\/\/stage.basecampstudent.com\/es\/careers\/","name":"Careers | Basecamp","isPartOf":{"@id":"https:\/\/stage.basecampstudent.com\/#website"},"datePublished":"2022-07-11T17:43:58+00:00","dateModified":"2025-02-11T11:54:30+00:00","description":"Basecamp operates in leading university cities across Denmark, Germany and Poland and we are always on the look out for fantastic talent.","breadcrumb":{"@id":"https:\/\/stage.basecampstudent.com\/es\/careers\/#breadcrumb"},"inLanguage":"es","potentialAction":[{"@type":"ReadAction","target":["https:\/\/stage.basecampstudent.com\/es\/careers\/"]}]},{"@type":"BreadcrumbList","@id":"https:\/\/stage.basecampstudent.com\/es\/careers\/#breadcrumb","itemListElement":[{"@type":"ListItem","position":1,"name":"Home","item":"https:\/\/stage.basecampstudent.com\/es\/"},{"@type":"ListItem","position":2,"name":"Careers"}]},{"@type":"WebSite","@id":"https:\/\/stage.basecampstudent.com\/#website","url":"https:\/\/stage.basecampstudent.com\/","name":"Basecamp","description":"Living spaces for dreamers, thinkers and go-getters.","publisher":{"@id":"https:\/\/stage.basecampstudent.com\/#organization"},"potentialAction":[{"@type":"SearchAction","target":{"@type":"EntryPoint","urlTemplate":"https:\/\/stage.basecampstudent.com\/?s={search_term_string}"},"query-input":{"@type":"PropertyValueSpecification","valueRequired":true,"valueName":"search_term_string"}}],"inLanguage":"es"},{"@type":"Organization","@id":"https:\/\/stage.basecampstudent.com\/#organization","name":"Basecamp","url":"https:\/\/stage.basecampstudent.com\/","logo":{"@type":"ImageObject","inLanguage":"es","@id":"https:\/\/stage.basecampstudent.com\/#\/schema\/logo\/image\/","url":"https:\/\/stage.basecampstudent.com\/wp-content\/uploads\/2022\/02\/logo.svg","contentUrl":"https:\/\/stage.basecampstudent.com\/wp-content\/uploads\/2022\/02\/logo.svg","width":276,"height":40,"caption":"Basecamp"},"image":{"@id":"https:\/\/stage.basecampstudent.com\/#\/schema\/logo\/image\/"}}]}},"_links":{"self":[{"href":"https:\/\/stage.basecampstudent.com\/es\/wp-json\/wp\/v2\/pages\/13408","targetHints":{"allow":["GET"]}}],"collection":[{"href":"https:\/\/stage.basecampstudent.com\/es\/wp-json\/wp\/v2\/pages"}],"about":[{"href":"https:\/\/stage.basecampstudent.com\/es\/wp-json\/wp\/v2\/types\/page"}],"author":[{"embeddable":true,"href":"https:\/\/stage.basecampstudent.com\/es\/wp-json\/wp\/v2\/users\/7"}],"replies":[{"embeddable":true,"href":"https:\/\/stage.basecampstudent.com\/es\/wp-json\/wp\/v2\/comments?post=13408"}],"version-history":[{"count":2,"href":"https:\/\/stage.basecampstudent.com\/es\/wp-json\/wp\/v2\/pages\/13408\/revisions"}],"predecessor-version":[{"id":36603,"href":"https:\/\/stage.basecampstudent.com\/es\/wp-json\/wp\/v2\/pages\/13408\/revisions\/36603"}],"wp:attachment":[{"href":"https:\/\/stage.basecampstudent.com\/es\/wp-json\/wp\/v2\/media?parent=13408"}],"curies":[{"name":"wp","href":"https:\/\/api.w.org\/{rel}","templated":true}]}}