{"id":8698,"date":"2022-05-24T15:55:09","date_gmt":"2022-05-24T15:55:09","guid":{"rendered":"https:\/\/stage.basecampstudent.com\/?page_id=8698"},"modified":"2025-01-21T13:58:17","modified_gmt":"2025-01-21T13:58:17","slug":"information-clause","status":"publish","type":"page","link":"https:\/\/stage.basecampstudent.com\/de\/information-clause\/","title":{"rendered":"Information clause"},"content":{"rendered":"\n<p><\/p>\n\n\n\n<h2 class=\"wp-block-heading\"><\/h2>\n\n\n\n<section class=\"site-policy\">\n    <div class=\"container\">\n        <div class=\"site-policy__left\">\n            <div class=\"site-policy__headline\">\n                <h1 class=\"site-policy__title\">Information clause<\/h1>\n                <div class=\"site-policy__date\"><p>BASIC INFORMATION ABOUT THE PROCESSING OF PERSONAL DATA:<\/p><\/div>            <\/div>\n            <div class=\"site-policy__content\">\n\n                <div class=\"site-policy__mobile policy-mobile\">\n                    <div class=\"policy-mobile__wrap\">\n                        <h3 class=\"policy-mobile__title\">1. Personal data administrator<\/h3><div class=\"policy-mobile__dropdown\"><ul class=\"policy-mobile__list\"><li class=\"policy-mobile__item\"><a class=\"policy-mobile__link\" href=\"#section-1\"\n                                         data-text=\"1. Personal data administrator\"\n                                         data-anchor>Personal data administrator<\/a><\/li><li class=\"policy-mobile__item\"><a class=\"policy-mobile__link\" href=\"#section-2\"\n                                         data-text=\"2. Processing purpose, legal basis\"\n                                         data-anchor>Processing purpose, legal basis<\/a><\/li><li class=\"policy-mobile__item\"><a class=\"policy-mobile__link\" href=\"#section-3\"\n                                         data-text=\"3. Processing time\"\n                                         data-anchor>Processing time<\/a><\/li><li class=\"policy-mobile__item\"><a class=\"policy-mobile__link\" href=\"#section-4\"\n                                         data-text=\"4. Data recipients\"\n                                         data-anchor>Data recipients<\/a><\/li><li class=\"policy-mobile__item\"><a class=\"policy-mobile__link\" href=\"#section-5\"\n                                         data-text=\"5. Profiling and automated data processing\"\n                                         data-anchor>Profiling and automated data processing<\/a><\/li><li class=\"policy-mobile__item\"><a class=\"policy-mobile__link\" href=\"#section-6\"\n                                         data-text=\"6. Processing outside the EEA\"\n                                         data-anchor>Processing outside the EEA<\/a><\/li><li class=\"policy-mobile__item\"><a class=\"policy-mobile__link\" href=\"#section-7\"\n                                         data-text=\"7. Rights related to data processing\"\n                                         data-anchor>Rights related to data processing<\/a><\/li><li class=\"policy-mobile__item\"><a class=\"policy-mobile__link\" href=\"#section-8\"\n                                         data-text=\"8. Complaint\"\n                                         data-anchor>Complaint<\/a><\/li><li class=\"policy-mobile__item\"><a class=\"policy-mobile__link\" href=\"#section-9\"\n                                         data-text=\"9. Privacy policy\"\n                                         data-anchor>Privacy policy<\/a><\/li><\/ul><\/div>                    <\/div>\n                <\/div>\n\n                <div id=\"section-1\" class=\"site-policy__item policy-item\"><h3 class=\"policy-item__title\">1. Personal data administrator<\/h3><div class=\"policy-item__content\"><p><strong>Basecamp Group Limited<\/strong> with its registered office in London: 33 Broadwick Street, London, W1F 0DQ, UK<\/p>\n<p><strong>BaseCamp Student GmbH<\/strong> with its registered address in Berlin: 3. Quergeb\u00e4ude, EG, Brunnenstr. 196, 10119 Berlin, Germany<\/p>\n<p><strong>BaseCamp Student Real Estate ApS\u00a0<\/strong>with its registered address in Copenhagen: Kristen Bernikows Gade 4, 1.DK-1105 Kobenhavn K Denmark<\/p>\n<p><strong>ST \u0141\u00f3d\u017a Rewolucji 1905 Sp.<\/strong> z o.o. with its registered office in Warsaw (zip code: 02-661), Ireneusz Gugulski Square No. 1, registered in the National Court Register under KRS number: 0000559040, NIP: 5213697281, REGON: 361570090<\/p>\n<p><strong>ST \u0141\u00f3d\u017a Rembieli\u0144skiego Sp. z o.o.<\/strong> with its registered office in Warsaw (zip code: 02-661), Ireneusz Gugulski Square No. 1, registered in the National Court Register under KRS number: 0000663027, NIP: 5213767857, REGON: 366562088<\/p>\n<p><strong>ST Katowice Krasi\u0144skiego sp. z o.o.\u00a0<\/strong>with its registered office in Warsaw (zip code: 02-661), Ireneusz Gugulski Square No. 1, registered in the National Court Register under KRS number: 0000604188, NIP: 5213724115, REGON: 363808146, depends on which company concluded rental agreement with tenant.<\/p>\n<\/div><\/div><div id=\"section-2\" class=\"site-policy__item policy-item\"><h3 class=\"policy-item__title\">2. Processing purpose, legal basis<\/h3><div class=\"policy-item__content\"><ol>\n<li>conclusion and performance of a contract binding Parties (Article 6(1)(b) of the GDPR);<\/li>\n<li>fulfillment of the legal obligation incumbent on the Administrator to fulfill the obligation of financial settlements, including tax settlements (art. 6 it. (1) (c) GDPR);<\/li>\n<li>legitimate interests of Administrator, i.e. making settlements, possible notification of the contract or contractor to the tax authorities or the Social Insurance Institution, marketing of products, services or works, conducting possible court and administrative proceedings (art. 6 it. 1 (f) of GDPR).<\/li>\n<\/ol>\n<\/div><\/div><div id=\"section-3\" class=\"site-policy__item policy-item\"><h3 class=\"policy-item__title\">3. Processing time<\/h3><div class=\"policy-item__content\"><p>Period necessary to fulfill the purposes described in the information above, i.e. for the duration of the contract between the Administrator and you or the period of providing services, and after its expiry \/ termination of services for the period required by law or necessary to implement the legitimate interests of the Administrator.<\/p>\n<\/div><\/div><div id=\"section-4\" class=\"site-policy__item policy-item\"><h3 class=\"policy-item__title\">4. Data recipients<\/h3><div class=\"policy-item__content\"><p>Providers of IT, legal and accounting services acting for the Administrator as well as the Administrator\u2019s employees and associates.<\/p>\n<\/div><\/div><div id=\"section-5\" class=\"site-policy__item policy-item\"><h3 class=\"policy-item__title\">5. Profiling and automated data processing<\/h3><div class=\"policy-item__content\"><p>The Administrator will not profile data or make automated decisions.<\/p>\n<\/div><\/div><div id=\"section-6\" class=\"site-policy__item policy-item\"><h3 class=\"policy-item__title\">6. Processing outside the EEA<\/h3><div class=\"policy-item__content\"><p>The Administrator will not process data outside the EEA.<\/p>\n<\/div><\/div><div id=\"section-7\" class=\"site-policy__item policy-item\"><h3 class=\"policy-item__title\">7. Rights related to data processing<\/h3><div class=\"policy-item__content\"><p>The right to update outdated or incorrect data; The right to rectify data if it turns out that the processed data are incorrect; The right of access to your data, including obtaining a copy of it and information about the processing; The right to demand the deletion of personal data (\u201cright to be forgotten\u201d), in the cases specified by the provisions of the GDPR; The right to demand the restriction of data processing; The right to transfer the data you have provided to the Administrator; The right to lodge a complaint with the competent supervisory authority.<\/p>\n<\/div><\/div><div id=\"section-8\" class=\"site-policy__item policy-item\"><h3 class=\"policy-item__title\">8. Complaint<\/h3><div class=\"policy-item__content\"><p>You have the right to complain about the Controller\u2019s action to the appropriate Data Protection Authority of the location of your stay with us:<\/p>\n<ul>\n<li><strong>UK<\/strong>\u00a0\u2013\u00a0<a href=\"https:\/\/ico.org.uk\/\">Information Commissioners Office<\/a><\/li>\n<li><strong>Federal Republic of Germany<\/strong>\u00a0\u2013 Berlin \u2013\u00a0<a href=\"https:\/\/www.datenschutz-berlin.de\/\">\u00a0Berliner Beauftragte f\u00fcr Datenschutz und Informationsfreiheit<\/a>\u200b (please note that each state may have its own separate authority)<\/li>\n<li><strong>Poland \u2013<\/strong>\u00a0<a href=\"https:\/\/uodo.gov.pl\/\">Urz\u0105d Ochrony Danych Osobowych<\/a><\/li>\n<li><strong>Denmark<\/strong>\u00a0\u2013\u00a0<a href=\"https:\/\/www.datatilsynet.no\/\">Datatilsynet<\/a>\u200b<\/li>\n<li><strong>Sweden\u00a0<\/strong>\u2013\u00a0<a href=\"https:\/\/www.imy.se\/\">Integritetsskyddsmyndigheten<\/a><\/li>\n<\/ul>\n<\/div><\/div><div id=\"section-9\" class=\"site-policy__item policy-item\"><h3 class=\"policy-item__title\">9. Privacy policy<\/h3><div class=\"policy-item__content\"><div class=\"site-policy__left\">\n<div class=\"site-policy__content\">\n<div id=\"section-9\" class=\"site-policy__item policy-item\">\n<div class=\"policy-item__content\">\n<p>The Tenant confirms that he \/ she obtained information that the current version of Basecamp Group Privacy Policy- is available on the website by clicking the link at the bottom of this page.<\/p>\n<\/div>\n<\/div>\n<\/div>\n<\/div>\n<div class=\"site-policy__right policy-links\"><\/div>\n<\/div><\/div>            <\/div>\n        <\/div>\n        <div class=\"site-policy__right policy-links\" style=\"\">\n            <h2 class=\"policy-links__title\">Quick Links<\/h2><ol class=\"policy-links__list\"><li class=\"policy-links__item\"><a class=\"policy-links__link\" href=\"#section-1\" data-anchor>Personal data administrator<\/a><\/li><li class=\"policy-links__item\"><a class=\"policy-links__link\" href=\"#section-2\" data-anchor>Processing purpose, legal basis<\/a><\/li><li class=\"policy-links__item\"><a class=\"policy-links__link\" href=\"#section-3\" data-anchor>Processing time<\/a><\/li><li class=\"policy-links__item\"><a class=\"policy-links__link\" href=\"#section-4\" data-anchor>Data recipients<\/a><\/li><li class=\"policy-links__item\"><a class=\"policy-links__link\" href=\"#section-5\" data-anchor>Profiling and automated data processing<\/a><\/li><li class=\"policy-links__item\"><a class=\"policy-links__link\" href=\"#section-6\" data-anchor>Processing outside the EEA<\/a><\/li><li class=\"policy-links__item\"><a class=\"policy-links__link\" href=\"#section-7\" data-anchor>Rights related to data processing<\/a><\/li><li class=\"policy-links__item\"><a class=\"policy-links__link\" href=\"#section-8\" data-anchor>Complaint<\/a><\/li><li class=\"policy-links__item\"><a class=\"policy-links__link\" href=\"#section-9\" data-anchor>Privacy policy<\/a><\/li><\/ol>        <\/div>\n    <\/div>\n<\/section>","protected":false},"excerpt":{"rendered":"","protected":false},"author":12,"featured_media":0,"parent":0,"menu_order":0,"comment_status":"closed","ping_status":"closed","template":"","meta":{"_acf_changed":false,"inline_featured_image":false,"footnotes":""},"class_list":["post-8698","page","type-page","status-publish","hentry"],"acf":[],"yoast_head":"<!-- This site is optimized with the Yoast SEO plugin v27.3 - https:\/\/yoast.com\/product\/yoast-seo-wordpress\/ -->\n<title>Information clause | Basecamp by Xior<\/title>\n<meta name=\"description\" content=\"Find out what cookies we use and how we use them to enable us to personalise your visit to our website.\" \/>\n<meta name=\"robots\" content=\"noindex, follow, max-snippet:-1, max-image-preview:large, max-video-preview:-1\" \/>\n<meta property=\"og:locale\" content=\"de_DE\" \/>\n<meta property=\"og:type\" content=\"article\" \/>\n<meta property=\"og:title\" content=\"Information clause | Basecamp by Xior\" \/>\n<meta property=\"og:description\" content=\"Find out what cookies we use and how we use them to enable us to personalise your visit to our website.\" \/>\n<meta property=\"og:url\" content=\"https:\/\/stage.basecampstudent.com\/de\/information-clause\/\" \/>\n<meta property=\"og:site_name\" content=\"Basecamp\" \/>\n<meta property=\"article:modified_time\" content=\"2025-01-21T13:58:17+00:00\" \/>\n<meta name=\"twitter:card\" content=\"summary_large_image\" \/>\n<script type=\"application\/ld+json\" class=\"yoast-schema-graph\">{\"@context\":\"https:\\\/\\\/schema.org\",\"@graph\":[{\"@type\":\"WebPage\",\"@id\":\"https:\\\/\\\/stage.basecampstudent.com\\\/de\\\/information-clause\\\/\",\"url\":\"https:\\\/\\\/stage.basecampstudent.com\\\/de\\\/information-clause\\\/\",\"name\":\"Information clause | Basecamp by Xior\",\"isPartOf\":{\"@id\":\"https:\\\/\\\/stage.basecampstudent.com\\\/#website\"},\"datePublished\":\"2022-05-24T15:55:09+00:00\",\"dateModified\":\"2025-01-21T13:58:17+00:00\",\"description\":\"Find out what cookies we use and how we use them to enable us to personalise your visit to our website.\",\"breadcrumb\":{\"@id\":\"https:\\\/\\\/stage.basecampstudent.com\\\/de\\\/information-clause\\\/#breadcrumb\"},\"inLanguage\":\"de\",\"potentialAction\":[{\"@type\":\"ReadAction\",\"target\":[\"https:\\\/\\\/stage.basecampstudent.com\\\/de\\\/information-clause\\\/\"]}]},{\"@type\":\"BreadcrumbList\",\"@id\":\"https:\\\/\\\/stage.basecampstudent.com\\\/de\\\/information-clause\\\/#breadcrumb\",\"itemListElement\":[{\"@type\":\"ListItem\",\"position\":1,\"name\":\"Home\",\"item\":\"https:\\\/\\\/stage.basecampstudent.com\\\/de\\\/\"},{\"@type\":\"ListItem\",\"position\":2,\"name\":\"Information clause\"}]},{\"@type\":\"WebSite\",\"@id\":\"https:\\\/\\\/stage.basecampstudent.com\\\/#website\",\"url\":\"https:\\\/\\\/stage.basecampstudent.com\\\/\",\"name\":\"Basecamp\",\"description\":\"Living spaces for dreamers, thinkers and go-getters.\",\"publisher\":{\"@id\":\"https:\\\/\\\/stage.basecampstudent.com\\\/#organization\"},\"potentialAction\":[{\"@type\":\"SearchAction\",\"target\":{\"@type\":\"EntryPoint\",\"urlTemplate\":\"https:\\\/\\\/stage.basecampstudent.com\\\/?s={search_term_string}\"},\"query-input\":{\"@type\":\"PropertyValueSpecification\",\"valueRequired\":true,\"valueName\":\"search_term_string\"}}],\"inLanguage\":\"de\"},{\"@type\":\"Organization\",\"@id\":\"https:\\\/\\\/stage.basecampstudent.com\\\/#organization\",\"name\":\"Basecamp\",\"url\":\"https:\\\/\\\/stage.basecampstudent.com\\\/\",\"logo\":{\"@type\":\"ImageObject\",\"inLanguage\":\"de\",\"@id\":\"https:\\\/\\\/stage.basecampstudent.com\\\/#\\\/schema\\\/logo\\\/image\\\/\",\"url\":\"https:\\\/\\\/stage.basecampstudent.com\\\/wp-content\\\/uploads\\\/2022\\\/02\\\/logo.svg\",\"contentUrl\":\"https:\\\/\\\/stage.basecampstudent.com\\\/wp-content\\\/uploads\\\/2022\\\/02\\\/logo.svg\",\"width\":276,\"height\":40,\"caption\":\"Basecamp\"},\"image\":{\"@id\":\"https:\\\/\\\/stage.basecampstudent.com\\\/#\\\/schema\\\/logo\\\/image\\\/\"}}]}<\/script>\n<!-- \/ Yoast SEO plugin. -->","yoast_head_json":{"title":"Information clause | Basecamp by Xior","description":"Find out what cookies we use and how we use them to enable us to personalise your visit to our website.","robots":{"index":"noindex","follow":"follow","max-snippet":"max-snippet:-1","max-image-preview":"max-image-preview:large","max-video-preview":"max-video-preview:-1"},"og_locale":"de_DE","og_type":"article","og_title":"Information clause | Basecamp by Xior","og_description":"Find out what cookies we use and how we use them to enable us to personalise your visit to our website.","og_url":"https:\/\/stage.basecampstudent.com\/de\/information-clause\/","og_site_name":"Basecamp","article_modified_time":"2025-01-21T13:58:17+00:00","twitter_card":"summary_large_image","schema":{"@context":"https:\/\/schema.org","@graph":[{"@type":"WebPage","@id":"https:\/\/stage.basecampstudent.com\/de\/information-clause\/","url":"https:\/\/stage.basecampstudent.com\/de\/information-clause\/","name":"Information clause | Basecamp by Xior","isPartOf":{"@id":"https:\/\/stage.basecampstudent.com\/#website"},"datePublished":"2022-05-24T15:55:09+00:00","dateModified":"2025-01-21T13:58:17+00:00","description":"Find out what cookies we use and how we use them to enable us to personalise your visit to our website.","breadcrumb":{"@id":"https:\/\/stage.basecampstudent.com\/de\/information-clause\/#breadcrumb"},"inLanguage":"de","potentialAction":[{"@type":"ReadAction","target":["https:\/\/stage.basecampstudent.com\/de\/information-clause\/"]}]},{"@type":"BreadcrumbList","@id":"https:\/\/stage.basecampstudent.com\/de\/information-clause\/#breadcrumb","itemListElement":[{"@type":"ListItem","position":1,"name":"Home","item":"https:\/\/stage.basecampstudent.com\/de\/"},{"@type":"ListItem","position":2,"name":"Information clause"}]},{"@type":"WebSite","@id":"https:\/\/stage.basecampstudent.com\/#website","url":"https:\/\/stage.basecampstudent.com\/","name":"Basecamp","description":"Living spaces for dreamers, thinkers and go-getters.","publisher":{"@id":"https:\/\/stage.basecampstudent.com\/#organization"},"potentialAction":[{"@type":"SearchAction","target":{"@type":"EntryPoint","urlTemplate":"https:\/\/stage.basecampstudent.com\/?s={search_term_string}"},"query-input":{"@type":"PropertyValueSpecification","valueRequired":true,"valueName":"search_term_string"}}],"inLanguage":"de"},{"@type":"Organization","@id":"https:\/\/stage.basecampstudent.com\/#organization","name":"Basecamp","url":"https:\/\/stage.basecampstudent.com\/","logo":{"@type":"ImageObject","inLanguage":"de","@id":"https:\/\/stage.basecampstudent.com\/#\/schema\/logo\/image\/","url":"https:\/\/stage.basecampstudent.com\/wp-content\/uploads\/2022\/02\/logo.svg","contentUrl":"https:\/\/stage.basecampstudent.com\/wp-content\/uploads\/2022\/02\/logo.svg","width":276,"height":40,"caption":"Basecamp"},"image":{"@id":"https:\/\/stage.basecampstudent.com\/#\/schema\/logo\/image\/"}}]}},"_links":{"self":[{"href":"https:\/\/stage.basecampstudent.com\/de\/wp-json\/wp\/v2\/pages\/8698","targetHints":{"allow":["GET"]}}],"collection":[{"href":"https:\/\/stage.basecampstudent.com\/de\/wp-json\/wp\/v2\/pages"}],"about":[{"href":"https:\/\/stage.basecampstudent.com\/de\/wp-json\/wp\/v2\/types\/page"}],"author":[{"embeddable":true,"href":"https:\/\/stage.basecampstudent.com\/de\/wp-json\/wp\/v2\/users\/12"}],"replies":[{"embeddable":true,"href":"https:\/\/stage.basecampstudent.com\/de\/wp-json\/wp\/v2\/comments?post=8698"}],"version-history":[{"count":1,"href":"https:\/\/stage.basecampstudent.com\/de\/wp-json\/wp\/v2\/pages\/8698\/revisions"}],"predecessor-version":[{"id":35928,"href":"https:\/\/stage.basecampstudent.com\/de\/wp-json\/wp\/v2\/pages\/8698\/revisions\/35928"}],"wp:attachment":[{"href":"https:\/\/stage.basecampstudent.com\/de\/wp-json\/wp\/v2\/media?parent=8698"}],"curies":[{"name":"wp","href":"https:\/\/api.w.org\/{rel}","templated":true}]}}