{"id":7382,"date":"2022-04-27T15:35:59","date_gmt":"2022-04-27T15:35:59","guid":{"rendered":"https:\/\/stage.basecampstudent.com\/help\/"},"modified":"2025-01-20T17:21:14","modified_gmt":"2025-01-20T17:21:14","slug":"help","status":"publish","type":"page","link":"https:\/\/stage.basecampstudent.com\/da\/help\/","title":{"rendered":"Hj\u00e6lp"},"content":{"rendered":"    <section class=\"help-center\">\n        <div class=\"container\">\n            <h1 class=\"help-center__title\">Hj\u00e6lpecenter.<\/h1>            <div class=\"help-center__questions\">\n                <div class=\"help-center__filter\">\n                    <ul class=\"help-center__list\">\n                                            <\/ul>\n                <\/div>\n                <div class=\"help-center__results\">\n                    <div class=\"help-center__result tag-result active\" data-result=\"326\"><div class=\"tag-result__category\"><h4 class=\"tag-result__category-heading\">Booking <span class=\"tag-result__category-circle\"><\/span><\/h4><ul class=\"tag-result__category-questions\"><li class=\"tag-result__category-questions-item\"><a class=\"tag-result__category-questions-link\" href=\"https:\/\/stage.basecampstudent.com\/da\/help\/?tag=326&#038;cat=325&#038;question=33796\">Hvad er inkluderet i mit forbrug?<\/a><\/li><li class=\"tag-result__category-questions-item\"><a class=\"tag-result__category-questions-link\" href=\"https:\/\/stage.basecampstudent.com\/da\/help\/?tag=326&#038;cat=325&#038;question=29509\">Hvad er inkluderet i v\u00e6relsesprisen?<\/a><\/li><li class=\"tag-result__category-questions-item\"><a class=\"tag-result__category-questions-link\" href=\"https:\/\/stage.basecampstudent.com\/da\/help\/?tag=326&#038;cat=325&#038;question=29510\">Hvad er ikke inkluderet i v\u00e6relsesprisen?<\/a><\/li><li class=\"tag-result__category-questions-item\"><a class=\"tag-result__category-questions-link\" href=\"https:\/\/stage.basecampstudent.com\/da\/help\/?tag=326&#038;cat=325&#038;question=29511\">Er der et depositum? F\u00e5r jeg det tilbage, n\u00e5r jeg flytter ud?<\/a><\/li><li class=\"tag-result__category-questions-item\"><a class=\"tag-result__category-questions-link\" href=\"https:\/\/stage.basecampstudent.com\/da\/help\/?tag=326&#038;cat=325&#038;question=29513\">Hvor hurtigt efter udlejningen vil jeg f\u00e5 information om check-in?<\/a><\/li><li class=\"tag-result__category-questions-item\"><a class=\"tag-result__category-questions-link\" href=\"https:\/\/stage.basecampstudent.com\/da\/help\/?tag=326&#038;cat=325&#038;question=29514\">Kan jeg selv v\u00e6lge mit v\u00e6relse i bygningen?<\/a><\/li><li class=\"tag-result__category-questions-item\"><a class=\"tag-result__category-questions-link\" href=\"https:\/\/stage.basecampstudent.com\/da\/help\/?tag=326&#038;cat=325&#038;question=29515\">Er det muligt at se v\u00e6relset og f\u00e5 en rundvisning i ejendommen, f\u00f8r jeg underskriver kontrakten?<\/a><\/li><li class=\"tag-result__category-questions-item\"><a class=\"tag-result__category-questions-link\" href=\"https:\/\/stage.basecampstudent.com\/da\/help\/?tag=326&#038;cat=325&#038;question=29516\">Hvad er kontraktens l\u00e6ngde?<\/a><\/li><li class=\"tag-result__category-questions-item\"><a class=\"tag-result__category-questions-link\" href=\"https:\/\/stage.basecampstudent.com\/da\/help\/?tag=326&#038;cat=325&#038;question=29517\">Hvad er afbestillingsreglerne?<\/a><\/li><li class=\"tag-result__category-questions-item\"><a class=\"tag-result__category-questions-link\" href=\"https:\/\/stage.basecampstudent.com\/da\/help\/?tag=326&#038;cat=325&#038;question=29518\">Hvem kan bo p\u00e5 Basecamp?<\/a><\/li><li class=\"tag-result__category-questions-item\"><a class=\"tag-result__category-questions-link\" href=\"https:\/\/stage.basecampstudent.com\/da\/help\/?tag=326&#038;cat=325&#038;question=29519\">Hvordan booker jeg et v\u00e6relse?<\/a><\/li><li class=\"tag-result__category-questions-item\"><a class=\"tag-result__category-questions-link\" href=\"https:\/\/stage.basecampstudent.com\/da\/help\/?tag=326&#038;cat=325&#038;question=29520\">Hvordan kan jeg betale?<\/a><\/li><li class=\"tag-result__category-questions-item\"><a class=\"tag-result__category-questions-link\" href=\"https:\/\/stage.basecampstudent.com\/da\/help\/?tag=326&#038;cat=325&#038;question=29521\">Hvilke dokumenter skal jeg bruge?<\/a><\/li><\/ul><\/div><div class=\"tag-result__category\"><h4 class=\"tag-result__category-heading\">Indflytning <span class=\"tag-result__category-circle\"><\/span><\/h4><ul class=\"tag-result__category-questions\"><li class=\"tag-result__category-questions-item\"><a class=\"tag-result__category-questions-link\" href=\"https:\/\/stage.basecampstudent.com\/da\/help\/?tag=326&#038;cat=327&#038;question=29524\">Hvorn\u00e5r kan jeg flytte ind i Basecamp?<\/a><\/li><li class=\"tag-result__category-questions-item\"><a class=\"tag-result__category-questions-link\" href=\"https:\/\/stage.basecampstudent.com\/da\/help\/?tag=326&#038;cat=327&#038;question=29525\">Kan jeg medbringe mine egne m\u00f8bler?<\/a><\/li><li class=\"tag-result__category-questions-item\"><a class=\"tag-result__category-questions-link\" href=\"https:\/\/stage.basecampstudent.com\/da\/help\/?tag=326&#038;cat=327&#038;question=29526\">Er det muligt at bytte eller bare flytte til en anden lejlighed efter indflytningen?<\/a><\/li><li class=\"tag-result__category-questions-item\"><a class=\"tag-result__category-questions-link\" href=\"https:\/\/stage.basecampstudent.com\/da\/help\/?tag=326&#038;cat=327&#038;question=29527\">Hvad skal jeg selv medbringe?<\/a><\/li><\/ul><\/div><div class=\"tag-result__category\"><h4 class=\"tag-result__category-heading\">Beboelse <span class=\"tag-result__category-circle\"><\/span><\/h4><ul class=\"tag-result__category-questions\"><li class=\"tag-result__category-questions-item\"><a class=\"tag-result__category-questions-link\" href=\"https:\/\/stage.basecampstudent.com\/da\/help\/?tag=326&#038;cat=328&#038;question=29528\">Hvad med st\u00f8j?<\/a><\/li><li class=\"tag-result__category-questions-item\"><a class=\"tag-result__category-questions-link\" href=\"https:\/\/stage.basecampstudent.com\/da\/help\/?tag=326&#038;cat=328&#038;question=29529\">Er der en reng\u00f8ringsservice?<\/a><\/li><li class=\"tag-result__category-questions-item\"><a class=\"tag-result__category-questions-link\" href=\"https:\/\/stage.basecampstudent.com\/da\/help\/?tag=326&#038;cat=328&#038;question=29530\">M\u00e5 jeg ryge indenfor?<\/a><\/li><li class=\"tag-result__category-questions-item\"><a class=\"tag-result__category-questions-link\" href=\"https:\/\/stage.basecampstudent.com\/da\/help\/?tag=326&#038;cat=328&#038;question=29531\">Jeg er ny i byen og bor v\u00e6k hjemmefra. Hvad kan jeg forvente?<\/a><\/li><li class=\"tag-result__category-questions-item\"><a class=\"tag-result__category-questions-link\" href=\"https:\/\/stage.basecampstudent.com\/da\/help\/?tag=326&#038;cat=328&#038;question=29532\">Hvad g\u00f8r jeg, hvis jeg har problemer p\u00e5 Basecamp?<\/a><\/li><li class=\"tag-result__category-questions-item\"><a class=\"tag-result__category-questions-link\" href=\"https:\/\/stage.basecampstudent.com\/da\/help\/?tag=326&#038;cat=328&#038;question=29533\">Jeg skal p\u00e5 ferie\/hjem for en stund. Kan jeg fremleje min lejlighed?<\/a><\/li><li class=\"tag-result__category-questions-item\"><a class=\"tag-result__category-questions-link\" href=\"https:\/\/stage.basecampstudent.com\/da\/help\/?tag=326&#038;cat=328&#038;question=29534\">Kan jeg have g\u00e6ster p\u00e5 bes\u00f8g?<\/a><\/li><\/ul><\/div><div class=\"tag-result__category\"><h4 class=\"tag-result__category-heading\">Udflytning <span class=\"tag-result__category-circle\"><\/span><\/h4><ul class=\"tag-result__category-questions\"><li class=\"tag-result__category-questions-item\"><a class=\"tag-result__category-questions-link\" href=\"https:\/\/stage.basecampstudent.com\/da\/help\/?tag=326&#038;cat=329&#038;question=29535\">Kan jeg flytte ud f\u00f8r kontraktens udl\u00f8b?<\/a><\/li><li class=\"tag-result__category-questions-item\"><a class=\"tag-result__category-questions-link\" href=\"https:\/\/stage.basecampstudent.com\/da\/help\/?tag=326&#038;cat=329&#038;question=29536\">Hvad er processen for at flytte ud?<\/a><\/li><\/ul><\/div><\/div>                <\/div>\n            <\/div>\n        <\/div>\n    <\/section>\n\n\n\n<section class=\"builder-section get-started\" data-bgcolor=\"#ffffff\">\n    <div class=\"get-started__background\">\n        <picture>\n            <source media=\"(max-width: 900px)\" srcset=\"https:\/\/stage.basecampstudent.com\/wp-content\/uploads\/2022\/04\/IMG_1045.png\"><img data-src=\"https:\/\/stage.basecampstudent.com\/wp-content\/uploads\/2022\/04\/IMG_1045-1.png\" alt=\"\">        <\/picture>\n    <\/div>\n    <div class=\"get-started__content\">\n        <h2 class=\"get-started__title\">Need something else? Contact us.<\/h2><div class=\"get-started__btn\"><a class=\"get-started__link btn-red-arrow\" href=\"https:\/\/stage.basecampstudent.com\/contact\/\">\n                        <span>Get in touch<\/span>\n                      <\/a><\/div>    <\/div>\n<\/section>\n","protected":false},"excerpt":{"rendered":"","protected":false},"author":7,"featured_media":0,"parent":0,"menu_order":0,"comment_status":"closed","ping_status":"closed","template":"","meta":{"_acf_changed":false,"inline_featured_image":false,"footnotes":""},"class_list":["post-7382","page","type-page","status-publish","hentry"],"acf":[],"yoast_head":"<!-- This site is optimized with the Yoast SEO plugin v27.3 - https:\/\/yoast.com\/product\/yoast-seo-wordpress\/ -->\n<title>Help centre | Basecamp by Xior<\/title>\n<meta name=\"description\" content=\"Search our help section for answers on anything from how to book to choosing rooms, moving out and our latest coronavirus FAQs.\" \/>\n<meta name=\"robots\" content=\"noindex, follow, max-snippet:-1, max-image-preview:large, max-video-preview:-1\" \/>\n<meta property=\"og:locale\" content=\"da_DK\" \/>\n<meta property=\"og:type\" content=\"article\" \/>\n<meta property=\"og:title\" content=\"Help centre | Basecamp by Xior\" \/>\n<meta property=\"og:description\" content=\"Search our help section for answers on anything from how to book to choosing rooms, moving out and our latest coronavirus FAQs.\" \/>\n<meta property=\"og:url\" content=\"https:\/\/stage.basecampstudent.com\/da\/help\/\" \/>\n<meta property=\"og:site_name\" content=\"Basecamp\" \/>\n<meta property=\"article:modified_time\" content=\"2025-01-20T17:21:14+00:00\" \/>\n<meta name=\"twitter:card\" content=\"summary_large_image\" \/>\n<script type=\"application\/ld+json\" class=\"yoast-schema-graph\">{\"@context\":\"https:\\\/\\\/schema.org\",\"@graph\":[{\"@type\":\"WebPage\",\"@id\":\"https:\\\/\\\/stage.basecampstudent.com\\\/da\\\/help\\\/\",\"url\":\"https:\\\/\\\/stage.basecampstudent.com\\\/da\\\/help\\\/\",\"name\":\"Help centre | Basecamp by Xior\",\"isPartOf\":{\"@id\":\"https:\\\/\\\/stage.basecampstudent.com\\\/#website\"},\"datePublished\":\"2022-04-27T15:35:59+00:00\",\"dateModified\":\"2025-01-20T17:21:14+00:00\",\"description\":\"Search our help section for answers on anything from how to book to choosing rooms, moving out and our latest coronavirus FAQs.\",\"breadcrumb\":{\"@id\":\"https:\\\/\\\/stage.basecampstudent.com\\\/da\\\/help\\\/#breadcrumb\"},\"inLanguage\":\"da-DK\",\"potentialAction\":[{\"@type\":\"ReadAction\",\"target\":[\"https:\\\/\\\/stage.basecampstudent.com\\\/da\\\/help\\\/\"]}]},{\"@type\":\"BreadcrumbList\",\"@id\":\"https:\\\/\\\/stage.basecampstudent.com\\\/da\\\/help\\\/#breadcrumb\",\"itemListElement\":[{\"@type\":\"ListItem\",\"position\":1,\"name\":\"Home\",\"item\":\"https:\\\/\\\/stage.basecampstudent.com\\\/da\\\/\"},{\"@type\":\"ListItem\",\"position\":2,\"name\":\"Hj\u00e6lp\"}]},{\"@type\":\"WebSite\",\"@id\":\"https:\\\/\\\/stage.basecampstudent.com\\\/#website\",\"url\":\"https:\\\/\\\/stage.basecampstudent.com\\\/\",\"name\":\"Basecamp\",\"description\":\"Living spaces for dreamers, thinkers and go-getters.\",\"publisher\":{\"@id\":\"https:\\\/\\\/stage.basecampstudent.com\\\/#organization\"},\"potentialAction\":[{\"@type\":\"SearchAction\",\"target\":{\"@type\":\"EntryPoint\",\"urlTemplate\":\"https:\\\/\\\/stage.basecampstudent.com\\\/?s={search_term_string}\"},\"query-input\":{\"@type\":\"PropertyValueSpecification\",\"valueRequired\":true,\"valueName\":\"search_term_string\"}}],\"inLanguage\":\"da-DK\"},{\"@type\":\"Organization\",\"@id\":\"https:\\\/\\\/stage.basecampstudent.com\\\/#organization\",\"name\":\"Basecamp\",\"url\":\"https:\\\/\\\/stage.basecampstudent.com\\\/\",\"logo\":{\"@type\":\"ImageObject\",\"inLanguage\":\"da-DK\",\"@id\":\"https:\\\/\\\/stage.basecampstudent.com\\\/#\\\/schema\\\/logo\\\/image\\\/\",\"url\":\"https:\\\/\\\/stage.basecampstudent.com\\\/wp-content\\\/uploads\\\/2022\\\/02\\\/logo.svg\",\"contentUrl\":\"https:\\\/\\\/stage.basecampstudent.com\\\/wp-content\\\/uploads\\\/2022\\\/02\\\/logo.svg\",\"width\":276,\"height\":40,\"caption\":\"Basecamp\"},\"image\":{\"@id\":\"https:\\\/\\\/stage.basecampstudent.com\\\/#\\\/schema\\\/logo\\\/image\\\/\"}}]}<\/script>\n<!-- \/ Yoast SEO plugin. -->","yoast_head_json":{"title":"Help centre | Basecamp by Xior","description":"Search our help section for answers on anything from how to book to choosing rooms, moving out and our latest coronavirus FAQs.","robots":{"index":"noindex","follow":"follow","max-snippet":"max-snippet:-1","max-image-preview":"max-image-preview:large","max-video-preview":"max-video-preview:-1"},"og_locale":"da_DK","og_type":"article","og_title":"Help centre | Basecamp by Xior","og_description":"Search our help section for answers on anything from how to book to choosing rooms, moving out and our latest coronavirus FAQs.","og_url":"https:\/\/stage.basecampstudent.com\/da\/help\/","og_site_name":"Basecamp","article_modified_time":"2025-01-20T17:21:14+00:00","twitter_card":"summary_large_image","schema":{"@context":"https:\/\/schema.org","@graph":[{"@type":"WebPage","@id":"https:\/\/stage.basecampstudent.com\/da\/help\/","url":"https:\/\/stage.basecampstudent.com\/da\/help\/","name":"Help centre | Basecamp by Xior","isPartOf":{"@id":"https:\/\/stage.basecampstudent.com\/#website"},"datePublished":"2022-04-27T15:35:59+00:00","dateModified":"2025-01-20T17:21:14+00:00","description":"Search our help section for answers on anything from how to book to choosing rooms, moving out and our latest coronavirus FAQs.","breadcrumb":{"@id":"https:\/\/stage.basecampstudent.com\/da\/help\/#breadcrumb"},"inLanguage":"da-DK","potentialAction":[{"@type":"ReadAction","target":["https:\/\/stage.basecampstudent.com\/da\/help\/"]}]},{"@type":"BreadcrumbList","@id":"https:\/\/stage.basecampstudent.com\/da\/help\/#breadcrumb","itemListElement":[{"@type":"ListItem","position":1,"name":"Home","item":"https:\/\/stage.basecampstudent.com\/da\/"},{"@type":"ListItem","position":2,"name":"Hj\u00e6lp"}]},{"@type":"WebSite","@id":"https:\/\/stage.basecampstudent.com\/#website","url":"https:\/\/stage.basecampstudent.com\/","name":"Basecamp","description":"Living spaces for dreamers, thinkers and go-getters.","publisher":{"@id":"https:\/\/stage.basecampstudent.com\/#organization"},"potentialAction":[{"@type":"SearchAction","target":{"@type":"EntryPoint","urlTemplate":"https:\/\/stage.basecampstudent.com\/?s={search_term_string}"},"query-input":{"@type":"PropertyValueSpecification","valueRequired":true,"valueName":"search_term_string"}}],"inLanguage":"da-DK"},{"@type":"Organization","@id":"https:\/\/stage.basecampstudent.com\/#organization","name":"Basecamp","url":"https:\/\/stage.basecampstudent.com\/","logo":{"@type":"ImageObject","inLanguage":"da-DK","@id":"https:\/\/stage.basecampstudent.com\/#\/schema\/logo\/image\/","url":"https:\/\/stage.basecampstudent.com\/wp-content\/uploads\/2022\/02\/logo.svg","contentUrl":"https:\/\/stage.basecampstudent.com\/wp-content\/uploads\/2022\/02\/logo.svg","width":276,"height":40,"caption":"Basecamp"},"image":{"@id":"https:\/\/stage.basecampstudent.com\/#\/schema\/logo\/image\/"}}]}},"_links":{"self":[{"href":"https:\/\/stage.basecampstudent.com\/da\/wp-json\/wp\/v2\/pages\/7382","targetHints":{"allow":["GET"]}}],"collection":[{"href":"https:\/\/stage.basecampstudent.com\/da\/wp-json\/wp\/v2\/pages"}],"about":[{"href":"https:\/\/stage.basecampstudent.com\/da\/wp-json\/wp\/v2\/types\/page"}],"author":[{"embeddable":true,"href":"https:\/\/stage.basecampstudent.com\/da\/wp-json\/wp\/v2\/users\/7"}],"replies":[{"embeddable":true,"href":"https:\/\/stage.basecampstudent.com\/da\/wp-json\/wp\/v2\/comments?post=7382"}],"version-history":[{"count":3,"href":"https:\/\/stage.basecampstudent.com\/da\/wp-json\/wp\/v2\/pages\/7382\/revisions"}],"predecessor-version":[{"id":30108,"href":"https:\/\/stage.basecampstudent.com\/da\/wp-json\/wp\/v2\/pages\/7382\/revisions\/30108"}],"wp:attachment":[{"href":"https:\/\/stage.basecampstudent.com\/da\/wp-json\/wp\/v2\/media?parent=7382"}],"curies":[{"name":"wp","href":"https:\/\/api.w.org\/{rel}","templated":true}]}}